{"id":20,"date":"2025-07-20T18:03:14","date_gmt":"2025-07-20T18:03:14","guid":{"rendered":"https:\/\/www.emprendebox.es\/magia\/?page_id=20"},"modified":"2025-08-18T20:02:09","modified_gmt":"2025-08-18T20:02:09","slug":"me-llamo-diego","status":"publish","type":"page","link":"https:\/\/www.emprendebox.es\/magia\/me-llamo-diego\/","title":{"rendered":"Me llamo Diego"},"content":{"rendered":"\t\t<div data-elementor-type=\"wp-page\" data-elementor-id=\"20\" class=\"elementor elementor-20\" data-elementor-post-type=\"page\">\n\t\t\t\t\t\t<section class=\"elementor-section elementor-top-section elementor-element elementor-element-7fd14722 elementor-section-boxed elementor-section-height-default elementor-section-height-default\" data-id=\"7fd14722\" data-element_type=\"section\" data-settings=\"{&quot;background_background&quot;:&quot;classic&quot;}\">\n\t\t\t\t\t\t\t<div class=\"elementor-background-overlay\"><\/div>\n\t\t\t\t\t\t\t<div class=\"elementor-container elementor-column-gap-no\">\n\t\t\t\t\t<div class=\"elementor-column elementor-col-100 elementor-top-column elementor-element elementor-element-53e294b8\" data-id=\"53e294b8\" data-element_type=\"column\">\n\t\t\t<div class=\"elementor-widget-wrap elementor-element-populated\">\n\t\t\t\t\t\t<section class=\"elementor-section elementor-inner-section elementor-element elementor-element-34572674 elementor-section-boxed elementor-section-height-default elementor-section-height-default\" data-id=\"34572674\" data-element_type=\"section\">\n\t\t\t\t\t\t<div class=\"elementor-container elementor-column-gap-no\">\n\t\t\t\t\t<div class=\"elementor-column elementor-col-50 elementor-inner-column elementor-element elementor-element-3a457ee0\" data-id=\"3a457ee0\" data-element_type=\"column\">\n\t\t\t<div class=\"elementor-widget-wrap elementor-element-populated\">\n\t\t\t\t\t\t<div class=\"elementor-element elementor-element-6202eb18 elementor-widget elementor-widget-image\" data-id=\"6202eb18\" data-element_type=\"widget\" data-widget_type=\"image.default\">\n\t\t\t\t\t\t\t\t\t\t\t\t\t\t\t<img decoding=\"async\" src=\"https:\/\/www.emprendebox.es\/magia\/wp-content\/uploads\/elementor\/thumbs\/IMG-20150604-WA0017-ra892lp03tqpeohyok5fndspcsxzfksmywe4qgcjeo.jpg\" title=\"IMG-20150604-WA0017\" alt=\"IMG-20150604-WA0017\" loading=\"lazy\" \/>\t\t\t\t\t\t\t\t\t\t\t\t\t\t\t<\/div>\n\t\t\t\t\t<\/div>\n\t\t<\/div>\n\t\t\t\t<div class=\"elementor-column elementor-col-50 elementor-inner-column elementor-element elementor-element-392b0ee0\" data-id=\"392b0ee0\" data-element_type=\"column\">\n\t\t\t<div class=\"elementor-widget-wrap elementor-element-populated\">\n\t\t\t\t\t\t<div class=\"elementor-element elementor-element-fef5dd6 elementor-widget elementor-widget-heading\" data-id=\"fef5dd6\" data-element_type=\"widget\" data-widget_type=\"heading.default\">\n\t\t\t\t\t<h2 class=\"elementor-heading-title elementor-size-default\">Me llamo Diego<\/h2>\t\t\t\t<\/div>\n\t\t\t\t<div class=\"elementor-element elementor-element-59704f45 elementor-widget elementor-widget-spacer\" data-id=\"59704f45\" data-element_type=\"widget\" data-widget_type=\"spacer.default\">\n\t\t\t\t\t\t\t<div class=\"elementor-spacer\">\n\t\t\t<div class=\"elementor-spacer-inner\"><\/div>\n\t\t<\/div>\n\t\t\t\t\t\t<\/div>\n\t\t\t\t<div class=\"elementor-element elementor-element-dbf5ea7 elementor-widget elementor-widget-text-editor\" data-id=\"dbf5ea7\" data-element_type=\"widget\" data-widget_type=\"text-editor.default\">\n\t\t\t\t\t\t\t\t\t<p>Mago y mentalista, artista internacional. Realizo espect\u00e1culos teatrales, fiestas privadas y dise\u00f1o eventos corporativos a medida. Me avalan m\u00e1s de 20 a\u00f1os sobre los escenarios. Gracias a mi experiencia he trabajado con algunas de las mejores marcas y performers de renombre, habiendo sido embajador de la marca de relojes Pole Watches.<\/p><p>A d\u00eda de hoy he trabajado como asesor y mago para el director y cineasta Fernando Franco en su \u00faltima pel\u00edcula de cine, y tambi\u00e9n para el director de orquesta y compositor Miquel Ortega; rodando con \u00e9ste \u00faltimo un show a d\u00fao por Espa\u00f1a.<\/p><p>He actuado para el Ayuntamiento de Madrid, Hendrick`s Gin, Coloplast, Glaxo Smith Kline, Grupo FCC, Fever, Sanitas, Seguro Santa Luc\u00eda, Pfizer, entre otras empresas multinacionales. He salido en medios de televisi\u00f3n como Telemadrid o el peri\u00f3dico ABC.<\/p>\t\t\t\t\t\t\t\t<\/div>\n\t\t\t\t\t<\/div>\n\t\t<\/div>\n\t\t\t\t\t<\/div>\n\t\t<\/section>\n\t\t\t\t\t<\/div>\n\t\t<\/div>\n\t\t\t\t\t<\/div>\n\t\t<\/section>\n\t\t\t\t<section class=\"elementor-section elementor-top-section elementor-element elementor-element-5357916 elementor-section-boxed elementor-section-height-default elementor-section-height-default\" data-id=\"5357916\" data-element_type=\"section\" data-settings=\"{&quot;background_background&quot;:&quot;classic&quot;}\">\n\t\t\t\t\t\t\t<div class=\"elementor-background-overlay\"><\/div>\n\t\t\t\t\t\t\t<div class=\"elementor-container elementor-column-gap-no\">\n\t\t\t\t\t<div class=\"elementor-column elementor-col-100 elementor-top-column elementor-element elementor-element-b19b9f0\" data-id=\"b19b9f0\" data-element_type=\"column\">\n\t\t\t<div class=\"elementor-widget-wrap elementor-element-populated\">\n\t\t\t\t\t\t<section class=\"elementor-section elementor-inner-section elementor-element elementor-element-8e8e1ed elementor-section-boxed elementor-section-height-default elementor-section-height-default\" data-id=\"8e8e1ed\" data-element_type=\"section\">\n\t\t\t\t\t\t<div class=\"elementor-container elementor-column-gap-no\">\n\t\t\t\t\t<div class=\"elementor-column elementor-col-50 elementor-inner-column elementor-element elementor-element-5f309c2\" data-id=\"5f309c2\" data-element_type=\"column\">\n\t\t\t<div class=\"elementor-widget-wrap elementor-element-populated\">\n\t\t\t\t\t\t<div class=\"elementor-element elementor-element-fdd3124 elementor-widget elementor-widget-text-editor\" data-id=\"fdd3124\" data-element_type=\"widget\" data-widget_type=\"text-editor.default\">\n\t\t\t\t\t\t\t\t\t<p><span style=\"font-weight: 400;\">Gracias a mi actividad he tenido la opor<\/span><span style=\"font-weight: 400;\">tunidad de trabajar a nivel internacional por algunos pa\u00edses de Europa y realizando mi \u00faltima gira por Latinoam\u00e9rica, contando con 4 producciones esc\u00e9nicas a mis espaldas que pueden verse en algunos de los mejores teatros de Madrid. Cronolog\u00eda de mis shows en vivo: RARAVILLAS (2015\/2017), CABARET DU N\u00c9ANT (2018), CARTOMAGIA EN LA CRIPTA (2019\/2024), RARAVILLA2 (2025).\u00a0Tambi\u00e9n he intervenido en la correcci\u00f3n t\u00e9cnica de algunos libros especializados para ilusionistas como \u00abPunto Cero. 1\u00bb de Giancarlo Scalia (2019) o \u00abEl \u00faltimo Domingo de marzo\u00bb de Paco Agrado (2021) y escrito art\u00edculos para algunas sociedades m\u00e1gicas en varios pa\u00edses. Adem\u00e1s, he sido colaborador en el programa Imposibles Improbables, el primer podcast de magia dedicado a no magos.<\/span><\/p><p><span style=\"font-weight: 400;\">Por otro lado, he organizado, dirigido y presentado GALA SIN TARIMA, unas galas donde algunos de los mejores magos nacionales e internacionales realizaban n\u00fameros in\u00e9ditos.<\/span><\/p>\t\t\t\t\t\t\t\t<\/div>\n\t\t\t\t\t<\/div>\n\t\t<\/div>\n\t\t\t\t<div class=\"elementor-column elementor-col-50 elementor-inner-column elementor-element elementor-element-7867948\" data-id=\"7867948\" data-element_type=\"column\">\n\t\t\t<div class=\"elementor-widget-wrap elementor-element-populated\">\n\t\t\t\t\t\t<div class=\"elementor-element elementor-element-37e7278 elementor-widget elementor-widget-image\" data-id=\"37e7278\" data-element_type=\"widget\" data-widget_type=\"image.default\">\n\t\t\t\t\t\t\t\t\t\t\t\t\t\t\t<img decoding=\"async\" src=\"https:\/\/www.emprendebox.es\/magia\/wp-content\/uploads\/elementor\/thumbs\/RetratosDiego-2354x-scaled-1-ra8ahimaarfuaajjdkfxpj9jq5zqdcx7ywiyk0uudc.jpg\" title=\"RetratosDiego-2354x-scaled\" alt=\"RetratosDiego-2354x-scaled\" loading=\"lazy\" \/>\t\t\t\t\t\t\t\t\t\t\t\t\t\t\t<\/div>\n\t\t\t\t\t<\/div>\n\t\t<\/div>\n\t\t\t\t\t<\/div>\n\t\t<\/section>\n\t\t\t\t\t<\/div>\n\t\t<\/div>\n\t\t\t\t\t<\/div>\n\t\t<\/section>\n\t\t\t\t<section class=\"elementor-section elementor-top-section elementor-element elementor-element-1882354 elementor-section-boxed elementor-section-height-default elementor-section-height-default\" data-id=\"1882354\" data-element_type=\"section\" data-settings=\"{&quot;background_background&quot;:&quot;classic&quot;}\">\n\t\t\t\t\t\t\t<div class=\"elementor-background-overlay\"><\/div>\n\t\t\t\t\t\t\t<div class=\"elementor-container elementor-column-gap-no\">\n\t\t\t\t\t<div class=\"elementor-column elementor-col-100 elementor-top-column elementor-element elementor-element-404a89d\" data-id=\"404a89d\" data-element_type=\"column\">\n\t\t\t<div class=\"elementor-widget-wrap elementor-element-populated\">\n\t\t\t\t\t\t<section class=\"elementor-section elementor-inner-section elementor-element elementor-element-475a763 elementor-section-boxed elementor-section-height-default elementor-section-height-default\" data-id=\"475a763\" data-element_type=\"section\">\n\t\t\t\t\t\t<div class=\"elementor-container elementor-column-gap-no\">\n\t\t\t\t\t<div class=\"elementor-column elementor-col-50 elementor-inner-column elementor-element elementor-element-ccaf899\" data-id=\"ccaf899\" data-element_type=\"column\">\n\t\t\t<div class=\"elementor-widget-wrap elementor-element-populated\">\n\t\t\t\t\t\t<div class=\"elementor-element elementor-element-8dfc000 elementor-widget elementor-widget-image\" data-id=\"8dfc000\" data-element_type=\"widget\" data-widget_type=\"image.default\">\n\t\t\t\t\t\t\t\t\t\t\t\t\t\t\t<img decoding=\"async\" src=\"https:\/\/www.emprendebox.es\/magia\/wp-content\/uploads\/elementor\/thumbs\/RetratosDiego-2288x-ra8abyenv1trlcmcunwegfsd73ejttue7dkjc33p6o.jpg\" title=\"RetratosDiego-2288x\" alt=\"RetratosDiego-2288x\" loading=\"lazy\" \/>\t\t\t\t\t\t\t\t\t\t\t\t\t\t\t<\/div>\n\t\t\t\t\t<\/div>\n\t\t<\/div>\n\t\t\t\t<div class=\"elementor-column elementor-col-50 elementor-inner-column elementor-element elementor-element-34d922e\" data-id=\"34d922e\" data-element_type=\"column\">\n\t\t\t<div class=\"elementor-widget-wrap elementor-element-populated\">\n\t\t\t\t\t\t<div class=\"elementor-element elementor-element-68b975f elementor-widget elementor-widget-text-editor\" data-id=\"68b975f\" data-element_type=\"widget\" data-widget_type=\"text-editor.default\">\n\t\t\t\t\t\t\t\t\t<p>Soy miembro de la la Sociedad Espa\u00f1ola de Ilusionismo desde 2006 y de la Academia Espa\u00f1ola de Esgrima Antigua desde 2012. En cuanto a mi formaci\u00f3n, estudi\u00e9 Ingenier\u00eda Industrial y el M\u00e1ster de Profesorado. Formado tambi\u00e9n en talleres de Arte Dram\u00e1tico, Clown, Storytelling e Improvisaci\u00f3n.<\/p><p>Disfruto interactuando con el p\u00fablico, creando un v\u00ednculo de confianza y seguridad. Los conocimientos y t\u00e9cnicas que he adquirido en estos a\u00f1os sobre pensamiento lateral, magia, psicolog\u00eda y sugesti\u00f3n me han llevado a dar cursos y charlas en materias cruciales para la empresa.<\/p><p>Soy un enamorado del arte ilusionista, lo que me ha hecho profundizar en especialidades como la cartomagia, las monedas o el mentalismo; aunque me gusta beber de otras disciplinas como la ventriloqu\u00eda, la globoflexia, el pickpocket, la pintura o la comedia para aportar a mis n\u00fameros una gran dosis visual y emocional.<\/p><p>Por \u00faltimo, he viajado a numerosos congresos y festivales de magia por distintas ciudades de Espa\u00f1a y algunos lugares de referencia donde he actuado son el Palacio de Linares (Casa de Am\u00e9rica ubicada en la Plaza Cibeles de Madrid), el Palacio de Congresos de Madrid, el Palacio de Santa B\u00e1rbara (Madrid), el Palacio de la Prensa de Gran V\u00eda (Madrid), la Real F\u00e1brica de Tapices de Madrid y Barcel\u00f3 Sants.<\/p>\t\t\t\t\t\t\t\t<\/div>\n\t\t\t\t\t<\/div>\n\t\t<\/div>\n\t\t\t\t\t<\/div>\n\t\t<\/section>\n\t\t\t\t<div class=\"elementor-element elementor-element-ac9bbd4 elementor-widget__width-initial elementor-absolute elementor-widget-divider--view-line elementor-widget elementor-widget-divider\" data-id=\"ac9bbd4\" data-element_type=\"widget\" data-settings=\"{&quot;_position&quot;:&quot;absolute&quot;}\" data-widget_type=\"divider.default\">\n\t\t\t\t\t\t\t<div class=\"elementor-divider\">\n\t\t\t<span class=\"elementor-divider-separator\">\n\t\t\t\t\t\t<\/span>\n\t\t<\/div>\n\t\t\t\t\t\t<\/div>\n\t\t\t\t\t<\/div>\n\t\t<\/div>\n\t\t\t\t\t<\/div>\n\t\t<\/section>\n\t\t\t\t<\/div>\n\t\t","protected":false},"excerpt":{"rendered":"<p>Me llamo Diego Mago y mentalista, artista internacional. Realizo espect\u00e1culos teatrales, fiestas privadas y dise\u00f1o eventos corporativos a medida. Me avalan m\u00e1s de 20 a\u00f1os sobre los escenarios. Gracias a mi experiencia he trabajado con algunas de las mejores marcas y performers de renombre, habiendo sido embajador de la marca de relojes Pole Watches. A [&hellip;]<\/p>\n","protected":false},"author":1,"featured_media":0,"parent":0,"menu_order":0,"comment_status":"closed","ping_status":"closed","template":"elementor_header_footer","meta":{"footnotes":""},"class_list":["post-20","page","type-page","status-publish","hentry"],"yoast_head":"<!-- This site is optimized with the Yoast SEO plugin v25.5 - https:\/\/yoast.com\/wordpress\/plugins\/seo\/ -->\n<title>Me llamo Diego - Diego Mu\u00f1oz<\/title>\n<meta name=\"robots\" content=\"index, follow, max-snippet:-1, max-image-preview:large, max-video-preview:-1\" \/>\n<link rel=\"canonical\" href=\"https:\/\/www.emprendebox.es\/magia\/me-llamo-diego\/\" \/>\n<meta property=\"og:locale\" content=\"es_ES\" \/>\n<meta property=\"og:type\" content=\"article\" \/>\n<meta property=\"og:title\" content=\"Me llamo Diego - Diego Mu\u00f1oz\" \/>\n<meta property=\"og:description\" content=\"Me llamo Diego Mago y mentalista, artista internacional. Realizo espect\u00e1culos teatrales, fiestas privadas y dise\u00f1o eventos corporativos a medida. Me avalan m\u00e1s de 20 a\u00f1os sobre los escenarios. Gracias a mi experiencia he trabajado con algunas de las mejores marcas y performers de renombre, habiendo sido embajador de la marca de relojes Pole Watches. A [&hellip;]\" \/>\n<meta property=\"og:url\" content=\"https:\/\/www.emprendebox.es\/magia\/me-llamo-diego\/\" \/>\n<meta property=\"og:site_name\" content=\"Diego Mu\u00f1oz\" \/>\n<meta property=\"article:modified_time\" content=\"2025-08-18T20:02:09+00:00\" \/>\n<meta property=\"og:image\" content=\"https:\/\/www.emprendebox.es\/magia\/wp-content\/uploads\/elementor\/thumbs\/IMG-20150604-WA0017-ra892lp03tqpeohyok5fndspcsxzfksmywe4qgcjeo.jpg\" \/>\n<meta name=\"twitter:card\" content=\"summary_large_image\" \/>\n<meta name=\"twitter:label1\" content=\"Tiempo de lectura\" \/>\n\t<meta name=\"twitter:data1\" content=\"3 minutos\" \/>\n<script type=\"application\/ld+json\" class=\"yoast-schema-graph\">{\"@context\":\"https:\/\/schema.org\",\"@graph\":[{\"@type\":\"WebPage\",\"@id\":\"https:\/\/www.emprendebox.es\/magia\/me-llamo-diego\/\",\"url\":\"https:\/\/www.emprendebox.es\/magia\/me-llamo-diego\/\",\"name\":\"Me llamo Diego - Diego Mu\u00f1oz\",\"isPartOf\":{\"@id\":\"https:\/\/www.emprendebox.es\/magia\/#website\"},\"primaryImageOfPage\":{\"@id\":\"https:\/\/www.emprendebox.es\/magia\/me-llamo-diego\/#primaryimage\"},\"image\":{\"@id\":\"https:\/\/www.emprendebox.es\/magia\/me-llamo-diego\/#primaryimage\"},\"thumbnailUrl\":\"https:\/\/www.emprendebox.es\/magia\/wp-content\/uploads\/elementor\/thumbs\/IMG-20150604-WA0017-ra892lp03tqpeohyok5fndspcsxzfksmywe4qgcjeo.jpg\",\"datePublished\":\"2025-07-20T18:03:14+00:00\",\"dateModified\":\"2025-08-18T20:02:09+00:00\",\"breadcrumb\":{\"@id\":\"https:\/\/www.emprendebox.es\/magia\/me-llamo-diego\/#breadcrumb\"},\"inLanguage\":\"es\",\"potentialAction\":[{\"@type\":\"ReadAction\",\"target\":[\"https:\/\/www.emprendebox.es\/magia\/me-llamo-diego\/\"]}]},{\"@type\":\"ImageObject\",\"inLanguage\":\"es\",\"@id\":\"https:\/\/www.emprendebox.es\/magia\/me-llamo-diego\/#primaryimage\",\"url\":\"https:\/\/www.emprendebox.es\/magia\/wp-content\/uploads\/elementor\/thumbs\/IMG-20150604-WA0017-ra892lp03tqpeohyok5fndspcsxzfksmywe4qgcjeo.jpg\",\"contentUrl\":\"https:\/\/www.emprendebox.es\/magia\/wp-content\/uploads\/elementor\/thumbs\/IMG-20150604-WA0017-ra892lp03tqpeohyok5fndspcsxzfksmywe4qgcjeo.jpg\"},{\"@type\":\"BreadcrumbList\",\"@id\":\"https:\/\/www.emprendebox.es\/magia\/me-llamo-diego\/#breadcrumb\",\"itemListElement\":[{\"@type\":\"ListItem\",\"position\":1,\"name\":\"Portada\",\"item\":\"https:\/\/www.emprendebox.es\/magia\/\"},{\"@type\":\"ListItem\",\"position\":2,\"name\":\"Me llamo Diego\"}]},{\"@type\":\"WebSite\",\"@id\":\"https:\/\/www.emprendebox.es\/magia\/#website\",\"url\":\"https:\/\/www.emprendebox.es\/magia\/\",\"name\":\"Diego Mu\u00f1oz\",\"description\":\"Mago\",\"publisher\":{\"@id\":\"https:\/\/www.emprendebox.es\/magia\/#organization\"},\"potentialAction\":[{\"@type\":\"SearchAction\",\"target\":{\"@type\":\"EntryPoint\",\"urlTemplate\":\"https:\/\/www.emprendebox.es\/magia\/?s={search_term_string}\"},\"query-input\":{\"@type\":\"PropertyValueSpecification\",\"valueRequired\":true,\"valueName\":\"search_term_string\"}}],\"inLanguage\":\"es\"},{\"@type\":\"Organization\",\"@id\":\"https:\/\/www.emprendebox.es\/magia\/#organization\",\"name\":\"Diego Mu\u00f1oz\",\"url\":\"https:\/\/www.emprendebox.es\/magia\/\",\"logo\":{\"@type\":\"ImageObject\",\"inLanguage\":\"es\",\"@id\":\"https:\/\/www.emprendebox.es\/magia\/#\/schema\/logo\/image\/\",\"url\":\"https:\/\/www.emprendebox.es\/magia\/wp-content\/uploads\/2025\/08\/logo-1-home.jpg\",\"contentUrl\":\"https:\/\/www.emprendebox.es\/magia\/wp-content\/uploads\/2025\/08\/logo-1-home.jpg\",\"width\":1581,\"height\":1097,\"caption\":\"Diego Mu\u00f1oz\"},\"image\":{\"@id\":\"https:\/\/www.emprendebox.es\/magia\/#\/schema\/logo\/image\/\"}}]}<\/script>\n<!-- \/ Yoast SEO plugin. -->","yoast_head_json":{"title":"Me llamo Diego - Diego Mu\u00f1oz","robots":{"index":"index","follow":"follow","max-snippet":"max-snippet:-1","max-image-preview":"max-image-preview:large","max-video-preview":"max-video-preview:-1"},"canonical":"https:\/\/www.emprendebox.es\/magia\/me-llamo-diego\/","og_locale":"es_ES","og_type":"article","og_title":"Me llamo Diego - Diego Mu\u00f1oz","og_description":"Me llamo Diego Mago y mentalista, artista internacional. Realizo espect\u00e1culos teatrales, fiestas privadas y dise\u00f1o eventos corporativos a medida. Me avalan m\u00e1s de 20 a\u00f1os sobre los escenarios. Gracias a mi experiencia he trabajado con algunas de las mejores marcas y performers de renombre, habiendo sido embajador de la marca de relojes Pole Watches. A [&hellip;]","og_url":"https:\/\/www.emprendebox.es\/magia\/me-llamo-diego\/","og_site_name":"Diego Mu\u00f1oz","article_modified_time":"2025-08-18T20:02:09+00:00","og_image":[{"url":"https:\/\/www.emprendebox.es\/magia\/wp-content\/uploads\/elementor\/thumbs\/IMG-20150604-WA0017-ra892lp03tqpeohyok5fndspcsxzfksmywe4qgcjeo.jpg","type":"","width":"","height":""}],"twitter_card":"summary_large_image","twitter_misc":{"Tiempo de lectura":"3 minutos"},"schema":{"@context":"https:\/\/schema.org","@graph":[{"@type":"WebPage","@id":"https:\/\/www.emprendebox.es\/magia\/me-llamo-diego\/","url":"https:\/\/www.emprendebox.es\/magia\/me-llamo-diego\/","name":"Me llamo Diego - Diego Mu\u00f1oz","isPartOf":{"@id":"https:\/\/www.emprendebox.es\/magia\/#website"},"primaryImageOfPage":{"@id":"https:\/\/www.emprendebox.es\/magia\/me-llamo-diego\/#primaryimage"},"image":{"@id":"https:\/\/www.emprendebox.es\/magia\/me-llamo-diego\/#primaryimage"},"thumbnailUrl":"https:\/\/www.emprendebox.es\/magia\/wp-content\/uploads\/elementor\/thumbs\/IMG-20150604-WA0017-ra892lp03tqpeohyok5fndspcsxzfksmywe4qgcjeo.jpg","datePublished":"2025-07-20T18:03:14+00:00","dateModified":"2025-08-18T20:02:09+00:00","breadcrumb":{"@id":"https:\/\/www.emprendebox.es\/magia\/me-llamo-diego\/#breadcrumb"},"inLanguage":"es","potentialAction":[{"@type":"ReadAction","target":["https:\/\/www.emprendebox.es\/magia\/me-llamo-diego\/"]}]},{"@type":"ImageObject","inLanguage":"es","@id":"https:\/\/www.emprendebox.es\/magia\/me-llamo-diego\/#primaryimage","url":"https:\/\/www.emprendebox.es\/magia\/wp-content\/uploads\/elementor\/thumbs\/IMG-20150604-WA0017-ra892lp03tqpeohyok5fndspcsxzfksmywe4qgcjeo.jpg","contentUrl":"https:\/\/www.emprendebox.es\/magia\/wp-content\/uploads\/elementor\/thumbs\/IMG-20150604-WA0017-ra892lp03tqpeohyok5fndspcsxzfksmywe4qgcjeo.jpg"},{"@type":"BreadcrumbList","@id":"https:\/\/www.emprendebox.es\/magia\/me-llamo-diego\/#breadcrumb","itemListElement":[{"@type":"ListItem","position":1,"name":"Portada","item":"https:\/\/www.emprendebox.es\/magia\/"},{"@type":"ListItem","position":2,"name":"Me llamo Diego"}]},{"@type":"WebSite","@id":"https:\/\/www.emprendebox.es\/magia\/#website","url":"https:\/\/www.emprendebox.es\/magia\/","name":"Diego Mu\u00f1oz","description":"Mago","publisher":{"@id":"https:\/\/www.emprendebox.es\/magia\/#organization"},"potentialAction":[{"@type":"SearchAction","target":{"@type":"EntryPoint","urlTemplate":"https:\/\/www.emprendebox.es\/magia\/?s={search_term_string}"},"query-input":{"@type":"PropertyValueSpecification","valueRequired":true,"valueName":"search_term_string"}}],"inLanguage":"es"},{"@type":"Organization","@id":"https:\/\/www.emprendebox.es\/magia\/#organization","name":"Diego Mu\u00f1oz","url":"https:\/\/www.emprendebox.es\/magia\/","logo":{"@type":"ImageObject","inLanguage":"es","@id":"https:\/\/www.emprendebox.es\/magia\/#\/schema\/logo\/image\/","url":"https:\/\/www.emprendebox.es\/magia\/wp-content\/uploads\/2025\/08\/logo-1-home.jpg","contentUrl":"https:\/\/www.emprendebox.es\/magia\/wp-content\/uploads\/2025\/08\/logo-1-home.jpg","width":1581,"height":1097,"caption":"Diego Mu\u00f1oz"},"image":{"@id":"https:\/\/www.emprendebox.es\/magia\/#\/schema\/logo\/image\/"}}]}},"_links":{"self":[{"href":"https:\/\/www.emprendebox.es\/magia\/wp-json\/wp\/v2\/pages\/20","targetHints":{"allow":["GET"]}}],"collection":[{"href":"https:\/\/www.emprendebox.es\/magia\/wp-json\/wp\/v2\/pages"}],"about":[{"href":"https:\/\/www.emprendebox.es\/magia\/wp-json\/wp\/v2\/types\/page"}],"author":[{"embeddable":true,"href":"https:\/\/www.emprendebox.es\/magia\/wp-json\/wp\/v2\/users\/1"}],"replies":[{"embeddable":true,"href":"https:\/\/www.emprendebox.es\/magia\/wp-json\/wp\/v2\/comments?post=20"}],"version-history":[{"count":19,"href":"https:\/\/www.emprendebox.es\/magia\/wp-json\/wp\/v2\/pages\/20\/revisions"}],"predecessor-version":[{"id":560,"href":"https:\/\/www.emprendebox.es\/magia\/wp-json\/wp\/v2\/pages\/20\/revisions\/560"}],"wp:attachment":[{"href":"https:\/\/www.emprendebox.es\/magia\/wp-json\/wp\/v2\/media?parent=20"}],"curies":[{"name":"wp","href":"https:\/\/api.w.org\/{rel}","templated":true}]}}