{"id":3,"date":"2023-01-25T12:32:10","date_gmt":"2023-01-25T12:32:10","guid":{"rendered":"https:\/\/www.emprendebox.es\/magia\/?page_id=3"},"modified":"2025-08-18T19:45:46","modified_gmt":"2025-08-18T19:45:46","slug":"privacidad","status":"publish","type":"page","link":"https:\/\/www.emprendebox.es\/magia\/privacidad\/","title":{"rendered":"Pol\u00edtica de Privacidad"},"content":{"rendered":"\t\t<div data-elementor-type=\"wp-page\" data-elementor-id=\"3\" class=\"elementor elementor-3\" data-elementor-post-type=\"page\">\n\t\t\t\t\t\t<section class=\"elementor-section elementor-top-section elementor-element elementor-element-3fb476c2 elementor-section-boxed elementor-section-height-default elementor-section-height-default\" data-id=\"3fb476c2\" data-element_type=\"section\" data-settings=\"{&quot;background_background&quot;:&quot;classic&quot;}\">\n\t\t\t\t\t\t\t<div class=\"elementor-background-overlay\"><\/div>\n\t\t\t\t\t\t\t<div class=\"elementor-container elementor-column-gap-default\">\n\t\t\t\t\t<div class=\"elementor-column elementor-col-100 elementor-top-column elementor-element elementor-element-22c930aa\" data-id=\"22c930aa\" data-element_type=\"column\">\n\t\t\t<div class=\"elementor-widget-wrap elementor-element-populated\">\n\t\t\t\t\t\t<div class=\"elementor-element elementor-element-734c753f elementor-widget elementor-widget-heading\" data-id=\"734c753f\" data-element_type=\"widget\" data-widget_type=\"heading.default\">\n\t\t\t\t\t<h2 class=\"elementor-heading-title elementor-size-default\">Pol\u00edtica de Privacidad<\/h2>\t\t\t\t<\/div>\n\t\t\t\t\t<\/div>\n\t\t<\/div>\n\t\t\t\t\t<\/div>\n\t\t<\/section>\n\t\t<div class=\"elementor-element elementor-element-811b63c e-flex e-con-boxed e-con e-parent\" data-id=\"811b63c\" data-element_type=\"container\">\n\t\t\t\t\t<div class=\"e-con-inner\">\n\t\t\t\t<div class=\"elementor-element elementor-element-3c7b8bd4 elementor-widget elementor-widget-text-editor\" data-id=\"3c7b8bd4\" data-element_type=\"widget\" data-widget_type=\"text-editor.default\">\n\t\t\t\t\t\t\t\t\t<p>Lorem ipsum dolor sit amet consectetur adipiscing elit. Quisque faucibus ex sapien vitae pellentesque sem placerat. In id cursus mi pretium tellus duis convallis. Tempus leo eu aenean sed diam urna tempor. Pulvinar vivamus fringilla lacus nec metus bibendum egestas. Iaculis massa nisl malesuada lacinia integer nunc posuere. Ut hendrerit semper vel class aptent taciti sociosqu. Ad litora torquent per conubia nostra inceptos himenaeos.<\/p><p>Lorem ipsum dolor sit amet consectetur adipiscing elit. Quisque faucibus ex sapien vitae pellentesque sem placerat. In id cursus mi pretium tellus duis convallis. Tempus leo eu aenean sed diam urna tempor. Pulvinar vivamus fringilla lacus nec metus bibendum egestas. Iaculis massa nisl malesuada lacinia integer nunc posuere. Ut hendrerit semper vel class aptent taciti sociosqu. Ad litora torquent per conubia nostra inceptos himenaeos.<\/p><p>Lorem ipsum dolor sit amet consectetur adipiscing elit. Quisque faucibus ex sapien vitae pellentesque sem placerat. In id cursus mi pretium tellus duis convallis. Tempus leo eu aenean sed diam urna tempor. Pulvinar vivamus fringilla lacus nec metus bibendum egestas. Iaculis massa nisl malesuada lacinia integer nunc posuere. Ut hendrerit semper vel class aptent taciti sociosqu. Ad litora torquent per conubia nostra inceptos himenaeos.<\/p><p>Lorem ipsum dolor sit amet consectetur adipiscing elit. Quisque faucibus ex sapien vitae pellentesque sem placerat. In id cursus mi pretium tellus duis convallis. Tempus leo eu aenean sed diam urna tempor. Pulvinar vivamus fringilla lacus nec metus bibendum egestas. Iaculis massa nisl malesuada lacinia integer nunc posuere. Ut hendrerit semper vel class aptent taciti sociosqu. Ad litora torquent per conubia nostra inceptos himenaeos.<\/p><p>Lorem ipsum dolor sit amet consectetur adipiscing elit. Quisque faucibus ex sapien vitae pellentesque sem placerat. In id cursus mi pretium tellus duis convallis. Tempus leo eu aenean sed diam urna tempor. Pulvinar vivamus fringilla lacus nec metus bibendum egestas. Iaculis massa nisl malesuada lacinia integer nunc posuere. Ut hendrerit semper vel class aptent taciti sociosqu. Ad litora torquent per conubia nostra inceptos himenaeos.<\/p>\t\t\t\t\t\t\t\t<\/div>\n\t\t\t\t\t<\/div>\n\t\t\t\t<\/div>\n\t\t\t\t<\/div>\n\t\t","protected":false},"excerpt":{"rendered":"<p>Pol\u00edtica de Privacidad Lorem ipsum dolor sit amet consectetur adipiscing elit. Quisque faucibus ex sapien vitae pellentesque sem placerat. In id cursus mi pretium tellus duis convallis. Tempus leo eu aenean sed diam urna tempor. Pulvinar vivamus fringilla lacus nec metus bibendum egestas. Iaculis massa nisl malesuada lacinia integer nunc posuere. Ut hendrerit semper vel [&hellip;]<\/p>\n","protected":false},"author":1,"featured_media":0,"parent":0,"menu_order":0,"comment_status":"closed","ping_status":"closed","template":"elementor_header_footer","meta":{"footnotes":""},"class_list":["post-3","page","type-page","status-publish","hentry"],"yoast_head":"<!-- This site is optimized with the Yoast SEO plugin v25.5 - https:\/\/yoast.com\/wordpress\/plugins\/seo\/ -->\n<title>Pol\u00edtica de Privacidad - Diego Mu\u00f1oz<\/title>\n<meta name=\"robots\" content=\"index, follow, max-snippet:-1, max-image-preview:large, max-video-preview:-1\" \/>\n<link rel=\"canonical\" href=\"https:\/\/www.emprendebox.es\/magia\/privacidad\/\" \/>\n<meta property=\"og:locale\" content=\"es_ES\" \/>\n<meta property=\"og:type\" content=\"article\" \/>\n<meta property=\"og:title\" content=\"Pol\u00edtica de Privacidad - Diego Mu\u00f1oz\" \/>\n<meta property=\"og:description\" content=\"Pol\u00edtica de Privacidad Lorem ipsum dolor sit amet consectetur adipiscing elit. Quisque faucibus ex sapien vitae pellentesque sem placerat. In id cursus mi pretium tellus duis convallis. Tempus leo eu aenean sed diam urna tempor. Pulvinar vivamus fringilla lacus nec metus bibendum egestas. Iaculis massa nisl malesuada lacinia integer nunc posuere. Ut hendrerit semper vel [&hellip;]\" \/>\n<meta property=\"og:url\" content=\"https:\/\/www.emprendebox.es\/magia\/privacidad\/\" \/>\n<meta property=\"og:site_name\" content=\"Diego Mu\u00f1oz\" \/>\n<meta property=\"article:modified_time\" content=\"2025-08-18T19:45:46+00:00\" \/>\n<meta name=\"twitter:card\" content=\"summary_large_image\" \/>\n<meta name=\"twitter:label1\" content=\"Tiempo de lectura\" \/>\n\t<meta name=\"twitter:data1\" content=\"2 minutos\" \/>\n<script type=\"application\/ld+json\" class=\"yoast-schema-graph\">{\"@context\":\"https:\/\/schema.org\",\"@graph\":[{\"@type\":\"WebPage\",\"@id\":\"https:\/\/www.emprendebox.es\/magia\/privacidad\/\",\"url\":\"https:\/\/www.emprendebox.es\/magia\/privacidad\/\",\"name\":\"Pol\u00edtica de Privacidad - Diego Mu\u00f1oz\",\"isPartOf\":{\"@id\":\"https:\/\/www.emprendebox.es\/magia\/#website\"},\"datePublished\":\"2023-01-25T12:32:10+00:00\",\"dateModified\":\"2025-08-18T19:45:46+00:00\",\"breadcrumb\":{\"@id\":\"https:\/\/www.emprendebox.es\/magia\/privacidad\/#breadcrumb\"},\"inLanguage\":\"es\",\"potentialAction\":[{\"@type\":\"ReadAction\",\"target\":[\"https:\/\/www.emprendebox.es\/magia\/privacidad\/\"]}]},{\"@type\":\"BreadcrumbList\",\"@id\":\"https:\/\/www.emprendebox.es\/magia\/privacidad\/#breadcrumb\",\"itemListElement\":[{\"@type\":\"ListItem\",\"position\":1,\"name\":\"Portada\",\"item\":\"https:\/\/www.emprendebox.es\/magia\/\"},{\"@type\":\"ListItem\",\"position\":2,\"name\":\"Pol\u00edtica de Privacidad\"}]},{\"@type\":\"WebSite\",\"@id\":\"https:\/\/www.emprendebox.es\/magia\/#website\",\"url\":\"https:\/\/www.emprendebox.es\/magia\/\",\"name\":\"Diego Mu\u00f1oz\",\"description\":\"Mago\",\"publisher\":{\"@id\":\"https:\/\/www.emprendebox.es\/magia\/#organization\"},\"potentialAction\":[{\"@type\":\"SearchAction\",\"target\":{\"@type\":\"EntryPoint\",\"urlTemplate\":\"https:\/\/www.emprendebox.es\/magia\/?s={search_term_string}\"},\"query-input\":{\"@type\":\"PropertyValueSpecification\",\"valueRequired\":true,\"valueName\":\"search_term_string\"}}],\"inLanguage\":\"es\"},{\"@type\":\"Organization\",\"@id\":\"https:\/\/www.emprendebox.es\/magia\/#organization\",\"name\":\"Diego Mu\u00f1oz\",\"url\":\"https:\/\/www.emprendebox.es\/magia\/\",\"logo\":{\"@type\":\"ImageObject\",\"inLanguage\":\"es\",\"@id\":\"https:\/\/www.emprendebox.es\/magia\/#\/schema\/logo\/image\/\",\"url\":\"https:\/\/www.emprendebox.es\/magia\/wp-content\/uploads\/2025\/08\/logo-1-home.jpg\",\"contentUrl\":\"https:\/\/www.emprendebox.es\/magia\/wp-content\/uploads\/2025\/08\/logo-1-home.jpg\",\"width\":1581,\"height\":1097,\"caption\":\"Diego Mu\u00f1oz\"},\"image\":{\"@id\":\"https:\/\/www.emprendebox.es\/magia\/#\/schema\/logo\/image\/\"}}]}<\/script>\n<!-- \/ Yoast SEO plugin. -->","yoast_head_json":{"title":"Pol\u00edtica de Privacidad - Diego Mu\u00f1oz","robots":{"index":"index","follow":"follow","max-snippet":"max-snippet:-1","max-image-preview":"max-image-preview:large","max-video-preview":"max-video-preview:-1"},"canonical":"https:\/\/www.emprendebox.es\/magia\/privacidad\/","og_locale":"es_ES","og_type":"article","og_title":"Pol\u00edtica de Privacidad - Diego Mu\u00f1oz","og_description":"Pol\u00edtica de Privacidad Lorem ipsum dolor sit amet consectetur adipiscing elit. Quisque faucibus ex sapien vitae pellentesque sem placerat. In id cursus mi pretium tellus duis convallis. Tempus leo eu aenean sed diam urna tempor. Pulvinar vivamus fringilla lacus nec metus bibendum egestas. Iaculis massa nisl malesuada lacinia integer nunc posuere. Ut hendrerit semper vel [&hellip;]","og_url":"https:\/\/www.emprendebox.es\/magia\/privacidad\/","og_site_name":"Diego Mu\u00f1oz","article_modified_time":"2025-08-18T19:45:46+00:00","twitter_card":"summary_large_image","twitter_misc":{"Tiempo de lectura":"2 minutos"},"schema":{"@context":"https:\/\/schema.org","@graph":[{"@type":"WebPage","@id":"https:\/\/www.emprendebox.es\/magia\/privacidad\/","url":"https:\/\/www.emprendebox.es\/magia\/privacidad\/","name":"Pol\u00edtica de Privacidad - Diego Mu\u00f1oz","isPartOf":{"@id":"https:\/\/www.emprendebox.es\/magia\/#website"},"datePublished":"2023-01-25T12:32:10+00:00","dateModified":"2025-08-18T19:45:46+00:00","breadcrumb":{"@id":"https:\/\/www.emprendebox.es\/magia\/privacidad\/#breadcrumb"},"inLanguage":"es","potentialAction":[{"@type":"ReadAction","target":["https:\/\/www.emprendebox.es\/magia\/privacidad\/"]}]},{"@type":"BreadcrumbList","@id":"https:\/\/www.emprendebox.es\/magia\/privacidad\/#breadcrumb","itemListElement":[{"@type":"ListItem","position":1,"name":"Portada","item":"https:\/\/www.emprendebox.es\/magia\/"},{"@type":"ListItem","position":2,"name":"Pol\u00edtica de Privacidad"}]},{"@type":"WebSite","@id":"https:\/\/www.emprendebox.es\/magia\/#website","url":"https:\/\/www.emprendebox.es\/magia\/","name":"Diego Mu\u00f1oz","description":"Mago","publisher":{"@id":"https:\/\/www.emprendebox.es\/magia\/#organization"},"potentialAction":[{"@type":"SearchAction","target":{"@type":"EntryPoint","urlTemplate":"https:\/\/www.emprendebox.es\/magia\/?s={search_term_string}"},"query-input":{"@type":"PropertyValueSpecification","valueRequired":true,"valueName":"search_term_string"}}],"inLanguage":"es"},{"@type":"Organization","@id":"https:\/\/www.emprendebox.es\/magia\/#organization","name":"Diego Mu\u00f1oz","url":"https:\/\/www.emprendebox.es\/magia\/","logo":{"@type":"ImageObject","inLanguage":"es","@id":"https:\/\/www.emprendebox.es\/magia\/#\/schema\/logo\/image\/","url":"https:\/\/www.emprendebox.es\/magia\/wp-content\/uploads\/2025\/08\/logo-1-home.jpg","contentUrl":"https:\/\/www.emprendebox.es\/magia\/wp-content\/uploads\/2025\/08\/logo-1-home.jpg","width":1581,"height":1097,"caption":"Diego Mu\u00f1oz"},"image":{"@id":"https:\/\/www.emprendebox.es\/magia\/#\/schema\/logo\/image\/"}}]}},"_links":{"self":[{"href":"https:\/\/www.emprendebox.es\/magia\/wp-json\/wp\/v2\/pages\/3","targetHints":{"allow":["GET"]}}],"collection":[{"href":"https:\/\/www.emprendebox.es\/magia\/wp-json\/wp\/v2\/pages"}],"about":[{"href":"https:\/\/www.emprendebox.es\/magia\/wp-json\/wp\/v2\/types\/page"}],"author":[{"embeddable":true,"href":"https:\/\/www.emprendebox.es\/magia\/wp-json\/wp\/v2\/users\/1"}],"replies":[{"embeddable":true,"href":"https:\/\/www.emprendebox.es\/magia\/wp-json\/wp\/v2\/comments?post=3"}],"version-history":[{"count":7,"href":"https:\/\/www.emprendebox.es\/magia\/wp-json\/wp\/v2\/pages\/3\/revisions"}],"predecessor-version":[{"id":542,"href":"https:\/\/www.emprendebox.es\/magia\/wp-json\/wp\/v2\/pages\/3\/revisions\/542"}],"wp:attachment":[{"href":"https:\/\/www.emprendebox.es\/magia\/wp-json\/wp\/v2\/media?parent=3"}],"curies":[{"name":"wp","href":"https:\/\/api.w.org\/{rel}","templated":true}]}}