{"id":115,"date":"2026-01-10T22:34:21","date_gmt":"2026-01-10T22:34:21","guid":{"rendered":"https:\/\/www.emprendebox.es\/montenegro-clima\/?page_id=115"},"modified":"2026-01-20T12:40:03","modified_gmt":"2026-01-20T12:40:03","slug":"nosotros","status":"publish","type":"page","link":"https:\/\/www.emprendebox.es\/montenegro-clima\/nosotros\/","title":{"rendered":"Nosotros"},"content":{"rendered":"\t\t<div data-elementor-type=\"wp-page\" data-elementor-id=\"115\" class=\"elementor elementor-115\" data-elementor-post-type=\"page\">\n\t\t\t\t<div class=\"elementor-element elementor-element-3dd77d4b e-flex e-con-boxed e-con e-parent\" data-id=\"3dd77d4b\" data-element_type=\"container\" data-settings=\"{&quot;background_background&quot;:&quot;classic&quot;}\">\n\t\t\t\t\t<div class=\"e-con-inner\">\n\t\t<div class=\"elementor-element elementor-element-5e905825 e-con-full e-flex e-con e-child\" data-id=\"5e905825\" data-element_type=\"container\">\n\t\t\t\t<div class=\"elementor-element elementor-element-2891b9bf elementor-tablet-align-center elementor-align-center elementor-icon-list--layout-traditional elementor-list-item-link-full_width elementor-widget elementor-widget-icon-list\" data-id=\"2891b9bf\" data-element_type=\"widget\" data-widget_type=\"icon-list.default\">\n\t\t\t\t\t\t\t<ul class=\"elementor-icon-list-items\">\n\t\t\t\t\t\t\t<li class=\"elementor-icon-list-item\">\n\t\t\t\t\t\t\t\t\t\t<span class=\"elementor-icon-list-text\">Profesionales en climatizaci\u00f3n y ventilaci\u00f3n<\/span>\n\t\t\t\t\t\t\t\t\t<\/li>\n\t\t\t\t\t\t<\/ul>\n\t\t\t\t\t\t<\/div>\n\t\t\t\t<div class=\"elementor-element elementor-element-6153400f elementor-widget elementor-widget-elementskit-heading\" data-id=\"6153400f\" data-element_type=\"widget\" data-widget_type=\"elementskit-heading.default\">\n\t\t\t\t\t<div class=\"ekit-wid-con\" ><div class=\"ekit-heading elementskit-section-title-wraper text_left   ekit_heading_tablet-text_center   ekit_heading_mobile-\"><h2 class=\"ekit-heading--title elementskit-section-title \">Quienes <span><span>Somos<\/span><\/span> <\/h2><\/div><\/div>\t\t\t\t<\/div>\n\t\t\t\t<div class=\"elementor-element elementor-element-5afc452c elementor-widget__width-initial elementor-widget elementor-widget-text-editor\" data-id=\"5afc452c\" data-element_type=\"widget\" data-widget_type=\"text-editor.default\">\n\t\t\t\t\t\t\t\t\t<p><span style=\"font-weight: 400;\">Conoce Montenegro Climatizaciones, empresa especializada en la instalaci\u00f3n de conductos de climatizaci\u00f3n y ventilaci\u00f3n de edificios.<\/span><\/p>\t\t\t\t\t\t\t\t<\/div>\n\t\t\t\t<\/div>\n\t\t\t\t\t<\/div>\n\t\t\t\t<\/div>\n\t\t<div class=\"elementor-element elementor-element-3ccfb24a e-flex e-con-boxed e-con e-parent\" data-id=\"3ccfb24a\" data-element_type=\"container\" data-settings=\"{&quot;background_background&quot;:&quot;classic&quot;}\">\n\t\t\t\t\t<div class=\"e-con-inner\">\n\t\t<div class=\"elementor-element elementor-element-32521a51 e-con-full e-flex e-con e-child\" data-id=\"32521a51\" data-element_type=\"container\">\n\t\t\t\t<div class=\"elementor-element elementor-element-73e7c3c elementor-widget elementor-widget-image\" data-id=\"73e7c3c\" data-element_type=\"widget\" data-widget_type=\"image.default\">\n\t\t\t\t\t\t\t\t\t\t\t\t\t\t\t<img fetchpriority=\"high\" decoding=\"async\" width=\"800\" height=\"450\" src=\"https:\/\/www.emprendebox.es\/montenegro-clima\/wp-content\/uploads\/2026\/01\/Foto-de-Juan-Luis-Montenegro-Romero-13-1024x576.jpg\" class=\"attachment-large size-large wp-image-97\" alt=\"\" srcset=\"https:\/\/www.emprendebox.es\/montenegro-clima\/wp-content\/uploads\/2026\/01\/Foto-de-Juan-Luis-Montenegro-Romero-13-1024x576.jpg 1024w, https:\/\/www.emprendebox.es\/montenegro-clima\/wp-content\/uploads\/2026\/01\/Foto-de-Juan-Luis-Montenegro-Romero-13-300x169.jpg 300w, https:\/\/www.emprendebox.es\/montenegro-clima\/wp-content\/uploads\/2026\/01\/Foto-de-Juan-Luis-Montenegro-Romero-13-768x432.jpg 768w, https:\/\/www.emprendebox.es\/montenegro-clima\/wp-content\/uploads\/2026\/01\/Foto-de-Juan-Luis-Montenegro-Romero-13-1536x864.jpg 1536w, https:\/\/www.emprendebox.es\/montenegro-clima\/wp-content\/uploads\/2026\/01\/Foto-de-Juan-Luis-Montenegro-Romero-13.jpg 1600w\" sizes=\"(max-width: 800px) 100vw, 800px\" \/>\t\t\t\t\t\t\t\t\t\t\t\t\t\t\t<\/div>\n\t\t\t\t<\/div>\n\t\t<div class=\"elementor-element elementor-element-f062537 e-con-full e-flex e-con e-child\" data-id=\"f062537\" data-element_type=\"container\">\n\t\t\t\t<div class=\"elementor-element elementor-element-7b4bbb80 elementor-tablet-align-center elementor-icon-list--layout-traditional elementor-list-item-link-full_width elementor-widget elementor-widget-icon-list\" data-id=\"7b4bbb80\" data-element_type=\"widget\" data-widget_type=\"icon-list.default\">\n\t\t\t\t\t\t\t<ul class=\"elementor-icon-list-items\">\n\t\t\t\t\t\t\t<li class=\"elementor-icon-list-item\">\n\t\t\t\t\t\t\t\t\t\t<span class=\"elementor-icon-list-text\">Experiencia, especializaci\u00f3n y rigor t\u00e9cnico<\/span>\n\t\t\t\t\t\t\t\t\t<\/li>\n\t\t\t\t\t\t<\/ul>\n\t\t\t\t\t\t<\/div>\n\t\t\t\t<div class=\"elementor-element elementor-element-6cc00a5c elementor-widget elementor-widget-elementskit-heading\" data-id=\"6cc00a5c\" data-element_type=\"widget\" data-widget_type=\"elementskit-heading.default\">\n\t\t\t\t\t<div class=\"ekit-wid-con\" ><div class=\"ekit-heading elementskit-section-title-wraper text_left   ekit_heading_tablet-text_center   ekit_heading_mobile-\"><h2 class=\"ekit-heading--title elementskit-section-title \">Una empresa joven con <span><span>gran trayectoria<\/span><\/span><\/h2><\/div><\/div>\t\t\t\t<\/div>\n\t\t\t\t<div class=\"elementor-element elementor-element-125b96b3 elementor-widget elementor-widget-text-editor\" data-id=\"125b96b3\" data-element_type=\"widget\" data-widget_type=\"text-editor.default\">\n\t\t\t\t\t\t\t\t\t<p><span style=\"font-weight: 400;\">Montenegro Climatizaciones S.L. nace en 2022 como resultado de la experiencia acumulada de un equipo profesional con una larga trayectoria en el sector de la climatizaci\u00f3n y la ventilaci\u00f3n de edificios.<\/span><\/p><p><span style=\"font-weight: 400;\">Aunque somos una empresa joven, nuestro equipo ha participado en proyectos repartidos por todo el territorio nacional, trabajando para clientes p\u00fablicos y privados en sectores tan exigentes como el sanitario, industrial, comercial y terciario.<\/span><\/p>\t\t\t\t\t\t\t\t<\/div>\n\t\t\t\t<div class=\"elementor-element elementor-element-6c90238 elementor-align-left elementor-widget elementor-widget-button\" data-id=\"6c90238\" data-element_type=\"widget\" data-widget_type=\"button.default\">\n\t\t\t\t\t\t\t\t\t\t<a class=\"elementor-button elementor-button-link elementor-size-sm\" href=\"https:\/\/www.emprendebox.es\/montenegro-clima\/proyectos\/\">\n\t\t\t\t\t\t<span class=\"elementor-button-content-wrapper\">\n\t\t\t\t\t\t<span class=\"elementor-button-icon\">\n\t\t\t\t<i aria-hidden=\"true\" class=\" ti-arrow-top-right\"><\/i>\t\t\t<\/span>\n\t\t\t\t\t\t\t\t\t<span class=\"elementor-button-text\">Ver Nuestros Proyectos<\/span>\n\t\t\t\t\t<\/span>\n\t\t\t\t\t<\/a>\n\t\t\t\t\t\t\t\t<\/div>\n\t\t\t\t<\/div>\n\t\t\t\t\t<\/div>\n\t\t\t\t<\/div>\n\t\t<div class=\"elementor-element elementor-element-2724fe4 e-flex e-con-boxed e-con e-parent\" data-id=\"2724fe4\" data-element_type=\"container\" data-settings=\"{&quot;background_background&quot;:&quot;classic&quot;}\">\n\t\t\t\t\t<div class=\"e-con-inner\">\n\t\t<div class=\"elementor-element elementor-element-2cbea97 e-con-full e-flex e-con e-child\" data-id=\"2cbea97\" data-element_type=\"container\">\n\t\t\t\t<div class=\"elementor-element elementor-element-a398de8 elementor-tablet-align-center elementor-icon-list--layout-traditional elementor-list-item-link-full_width elementor-widget elementor-widget-icon-list\" data-id=\"a398de8\" data-element_type=\"widget\" data-widget_type=\"icon-list.default\">\n\t\t\t\t\t\t\t<ul class=\"elementor-icon-list-items\">\n\t\t\t\t\t\t\t<li class=\"elementor-icon-list-item\">\n\t\t\t\t\t\t\t\t\t\t<span class=\"elementor-icon-list-text\">Un equipo preparado para grandes proyectos<\/span>\n\t\t\t\t\t\t\t\t\t<\/li>\n\t\t\t\t\t\t<\/ul>\n\t\t\t\t\t\t<\/div>\n\t\t\t\t<div class=\"elementor-element elementor-element-d488ecb elementor-widget elementor-widget-elementskit-heading\" data-id=\"d488ecb\" data-element_type=\"widget\" data-widget_type=\"elementskit-heading.default\">\n\t\t\t\t\t<div class=\"ekit-wid-con\" ><div class=\"ekit-heading elementskit-section-title-wraper text_left   ekit_heading_tablet-text_center   ekit_heading_mobile-\"><h2 class=\"ekit-heading--title elementskit-section-title \">Compromiso con la <span><span>calidad y la mejora<\/span><\/span> continua<\/h2><\/div><\/div>\t\t\t\t<\/div>\n\t\t\t\t<div class=\"elementor-element elementor-element-e14e092 elementor-widget elementor-widget-text-editor\" data-id=\"e14e092\" data-element_type=\"widget\" data-widget_type=\"text-editor.default\">\n\t\t\t\t\t\t\t\t\t<p><span style=\"font-weight: 400;\">La experiencia de nuestro equipo t\u00e9cnico nos permite abordar proyectos de distinta envergadura, desde instalaciones complejas en hospitales hasta sistemas de climatizaci\u00f3n y ventilaci\u00f3n en centros comerciales, hoteles, f\u00e1bricas y edificios institucionales.<\/span><\/p><p><span style=\"font-weight: 400;\">Cada proyecto se desarrolla bajo criterios de rigor t\u00e9cnico, cumplimiento normativo y control de calidad, asegurando instalaciones eficientes, seguras y optimizadas.Apostamos por la profesionalidad, eficacia y mejora constante, garantizando soluciones de alto rendimiento que responden a las necesidades reales de nuestros clientes.<\/span><\/p>\t\t\t\t\t\t\t\t<\/div>\n\t\t\t\t<div class=\"elementor-element elementor-element-116b5a4 elementor-align-left elementor-widget elementor-widget-button\" data-id=\"116b5a4\" data-element_type=\"widget\" data-widget_type=\"button.default\">\n\t\t\t\t\t\t\t\t\t\t<a class=\"elementor-button elementor-button-link elementor-size-sm\" href=\"https:\/\/www.emprendebox.es\/montenegro-clima\/servicios\/\">\n\t\t\t\t\t\t<span class=\"elementor-button-content-wrapper\">\n\t\t\t\t\t\t<span class=\"elementor-button-icon\">\n\t\t\t\t<i aria-hidden=\"true\" class=\" ti-arrow-top-right\"><\/i>\t\t\t<\/span>\n\t\t\t\t\t\t\t\t\t<span class=\"elementor-button-text\">Conoce Nuestros Servicios<\/span>\n\t\t\t\t\t<\/span>\n\t\t\t\t\t<\/a>\n\t\t\t\t\t\t\t\t<\/div>\n\t\t\t\t<\/div>\n\t\t<div class=\"elementor-element elementor-element-5a8d30f e-con-full e-flex e-con e-child\" data-id=\"5a8d30f\" data-element_type=\"container\">\n\t\t\t\t<div class=\"elementor-element elementor-element-c82de56 elementor-widget elementor-widget-image\" data-id=\"c82de56\" data-element_type=\"widget\" data-widget_type=\"image.default\">\n\t\t\t\t\t\t\t\t\t\t\t\t\t\t\t<img decoding=\"async\" width=\"576\" height=\"1024\" src=\"https:\/\/www.emprendebox.es\/montenegro-clima\/wp-content\/uploads\/2026\/01\/Foto-de-Juan-Luis-Montenegro-Romero-5-576x1024.jpg\" class=\"attachment-large size-large wp-image-89\" alt=\"\" srcset=\"https:\/\/www.emprendebox.es\/montenegro-clima\/wp-content\/uploads\/2026\/01\/Foto-de-Juan-Luis-Montenegro-Romero-5-576x1024.jpg 576w, https:\/\/www.emprendebox.es\/montenegro-clima\/wp-content\/uploads\/2026\/01\/Foto-de-Juan-Luis-Montenegro-Romero-5-169x300.jpg 169w, https:\/\/www.emprendebox.es\/montenegro-clima\/wp-content\/uploads\/2026\/01\/Foto-de-Juan-Luis-Montenegro-Romero-5-768x1365.jpg 768w, https:\/\/www.emprendebox.es\/montenegro-clima\/wp-content\/uploads\/2026\/01\/Foto-de-Juan-Luis-Montenegro-Romero-5-864x1536.jpg 864w, https:\/\/www.emprendebox.es\/montenegro-clima\/wp-content\/uploads\/2026\/01\/Foto-de-Juan-Luis-Montenegro-Romero-5.jpg 1152w\" sizes=\"(max-width: 576px) 100vw, 576px\" \/>\t\t\t\t\t\t\t\t\t\t\t\t\t\t\t<\/div>\n\t\t\t\t<\/div>\n\t\t\t\t\t<\/div>\n\t\t\t\t<\/div>\n\t\t<div class=\"elementor-element elementor-element-bc5b49c e-flex e-con-boxed e-con e-parent\" data-id=\"bc5b49c\" data-element_type=\"container\">\n\t\t\t\t\t<div class=\"e-con-inner\">\n\t\t\t\t<div class=\"elementor-element elementor-element-f2458ee elementor-widget elementor-widget-image\" data-id=\"f2458ee\" data-element_type=\"widget\" data-widget_type=\"image.default\">\n\t\t\t\t\t\t\t\t\t\t\t\t\t\t\t<img decoding=\"async\" width=\"768\" height=\"89\" src=\"https:\/\/www.emprendebox.es\/montenegro-clima\/wp-content\/uploads\/2026\/01\/unnamed-4.png\" class=\"attachment-large size-large wp-image-286\" alt=\"\" srcset=\"https:\/\/www.emprendebox.es\/montenegro-clima\/wp-content\/uploads\/2026\/01\/unnamed-4.png 768w, https:\/\/www.emprendebox.es\/montenegro-clima\/wp-content\/uploads\/2026\/01\/unnamed-4-300x35.png 300w\" sizes=\"(max-width: 768px) 100vw, 768px\" \/>\t\t\t\t\t\t\t\t\t\t\t\t\t\t\t<\/div>\n\t\t\t\t\t<\/div>\n\t\t\t\t<\/div>\n\t\t\t\t<\/div>\n\t\t\n    <div class=\"xs_social_share_widget xs_share_url after_content \t\tmain_content  wslu-style-1 wslu-share-box-shaped wslu-fill-colored wslu-none wslu-share-horizontal wslu-theme-font-no wslu-main_content\">\n\n\t\t\n        <ul>\n\t\t\t        <\/ul>\n    <\/div> \n","protected":false},"excerpt":{"rendered":"<p>Profesionales en climatizaci\u00f3n y ventilaci\u00f3n Quienes Somos Conoce Montenegro Climatizaciones, empresa especializada en la instalaci\u00f3n de conductos de climatizaci\u00f3n y ventilaci\u00f3n de edificios. Experiencia, especializaci\u00f3n y rigor t\u00e9cnico Una empresa joven con gran trayectoria Montenegro Climatizaciones S.L. nace en 2022 como resultado de la experiencia acumulada de un equipo profesional con una larga trayectoria en [&hellip;]<\/p>\n","protected":false},"author":1,"featured_media":0,"parent":0,"menu_order":0,"comment_status":"closed","ping_status":"closed","template":"elementor_header_footer","meta":{"postBodyCss":"","postBodyMargin":[],"postBodyPadding":[],"postBodyBackground":{"backgroundType":"classic","gradient":""},"footnotes":""},"class_list":["post-115","page","type-page","status-publish","hentry"],"yoast_head":"<!-- This site is optimized with the Yoast SEO plugin v26.7 - https:\/\/yoast.com\/wordpress\/plugins\/seo\/ -->\n<title>Nosotros - Montenegro Climatizaciones<\/title>\n<meta name=\"robots\" content=\"index, follow, max-snippet:-1, max-image-preview:large, max-video-preview:-1\" \/>\n<link rel=\"canonical\" href=\"https:\/\/www.emprendebox.es\/montenegro-clima\/nosotros\/\" \/>\n<meta property=\"og:locale\" content=\"es_ES\" \/>\n<meta property=\"og:type\" content=\"article\" \/>\n<meta property=\"og:title\" content=\"Nosotros - Montenegro Climatizaciones\" \/>\n<meta property=\"og:description\" content=\"Profesionales en climatizaci\u00f3n y ventilaci\u00f3n Quienes Somos Conoce Montenegro Climatizaciones, empresa especializada en la instalaci\u00f3n de conductos de climatizaci\u00f3n y ventilaci\u00f3n de edificios. Experiencia, especializaci\u00f3n y rigor t\u00e9cnico Una empresa joven con gran trayectoria Montenegro Climatizaciones S.L. nace en 2022 como resultado de la experiencia acumulada de un equipo profesional con una larga trayectoria en [&hellip;]\" \/>\n<meta property=\"og:url\" content=\"https:\/\/www.emprendebox.es\/montenegro-clima\/nosotros\/\" \/>\n<meta property=\"og:site_name\" content=\"Montenegro Climatizaciones\" \/>\n<meta property=\"article:modified_time\" content=\"2026-01-20T12:40:03+00:00\" \/>\n<meta property=\"og:image\" content=\"https:\/\/www.emprendebox.es\/montenegro-clima\/wp-content\/uploads\/2026\/01\/Foto-de-Juan-Luis-Montenegro-Romero-13.jpg\" \/>\n\t<meta property=\"og:image:width\" content=\"1600\" \/>\n\t<meta property=\"og:image:height\" content=\"900\" \/>\n\t<meta property=\"og:image:type\" content=\"image\/jpeg\" \/>\n<meta name=\"twitter:card\" content=\"summary_large_image\" \/>\n<meta name=\"twitter:label1\" content=\"Tiempo de lectura\" \/>\n\t<meta name=\"twitter:data1\" content=\"1 minuto\" \/>\n<script type=\"application\/ld+json\" class=\"yoast-schema-graph\">{\"@context\":\"https:\/\/schema.org\",\"@graph\":[{\"@type\":\"WebPage\",\"@id\":\"https:\/\/www.emprendebox.es\/montenegro-clima\/nosotros\/\",\"url\":\"https:\/\/www.emprendebox.es\/montenegro-clima\/nosotros\/\",\"name\":\"Nosotros - Montenegro Climatizaciones\",\"isPartOf\":{\"@id\":\"https:\/\/www.emprendebox.es\/montenegro-clima\/#website\"},\"primaryImageOfPage\":{\"@id\":\"https:\/\/www.emprendebox.es\/montenegro-clima\/nosotros\/#primaryimage\"},\"image\":{\"@id\":\"https:\/\/www.emprendebox.es\/montenegro-clima\/nosotros\/#primaryimage\"},\"thumbnailUrl\":\"https:\/\/www.emprendebox.es\/montenegro-clima\/wp-content\/uploads\/2026\/01\/Foto-de-Juan-Luis-Montenegro-Romero-13-1024x576.jpg\",\"datePublished\":\"2026-01-10T22:34:21+00:00\",\"dateModified\":\"2026-01-20T12:40:03+00:00\",\"breadcrumb\":{\"@id\":\"https:\/\/www.emprendebox.es\/montenegro-clima\/nosotros\/#breadcrumb\"},\"inLanguage\":\"es\",\"potentialAction\":[{\"@type\":\"ReadAction\",\"target\":[\"https:\/\/www.emprendebox.es\/montenegro-clima\/nosotros\/\"]}]},{\"@type\":\"ImageObject\",\"inLanguage\":\"es\",\"@id\":\"https:\/\/www.emprendebox.es\/montenegro-clima\/nosotros\/#primaryimage\",\"url\":\"https:\/\/www.emprendebox.es\/montenegro-clima\/wp-content\/uploads\/2026\/01\/Foto-de-Juan-Luis-Montenegro-Romero-13.jpg\",\"contentUrl\":\"https:\/\/www.emprendebox.es\/montenegro-clima\/wp-content\/uploads\/2026\/01\/Foto-de-Juan-Luis-Montenegro-Romero-13.jpg\",\"width\":1600,\"height\":900},{\"@type\":\"BreadcrumbList\",\"@id\":\"https:\/\/www.emprendebox.es\/montenegro-clima\/nosotros\/#breadcrumb\",\"itemListElement\":[{\"@type\":\"ListItem\",\"position\":1,\"name\":\"Portada\",\"item\":\"https:\/\/www.emprendebox.es\/montenegro-clima\/\"},{\"@type\":\"ListItem\",\"position\":2,\"name\":\"Nosotros\"}]},{\"@type\":\"WebSite\",\"@id\":\"https:\/\/www.emprendebox.es\/montenegro-clima\/#website\",\"url\":\"https:\/\/www.emprendebox.es\/montenegro-clima\/\",\"name\":\"Montenegro Climatizaciones\",\"description\":\"Montaje de conductos y climatizaci\u00f3n\",\"publisher\":{\"@id\":\"https:\/\/www.emprendebox.es\/montenegro-clima\/#organization\"},\"potentialAction\":[{\"@type\":\"SearchAction\",\"target\":{\"@type\":\"EntryPoint\",\"urlTemplate\":\"https:\/\/www.emprendebox.es\/montenegro-clima\/?s={search_term_string}\"},\"query-input\":{\"@type\":\"PropertyValueSpecification\",\"valueRequired\":true,\"valueName\":\"search_term_string\"}}],\"inLanguage\":\"es\"},{\"@type\":\"Organization\",\"@id\":\"https:\/\/www.emprendebox.es\/montenegro-clima\/#organization\",\"name\":\"Montenegro Climatizaciones\",\"url\":\"https:\/\/www.emprendebox.es\/montenegro-clima\/\",\"logo\":{\"@type\":\"ImageObject\",\"inLanguage\":\"es\",\"@id\":\"https:\/\/www.emprendebox.es\/montenegro-clima\/#\/schema\/logo\/image\/\",\"url\":\"https:\/\/www.emprendebox.es\/montenegro-clima\/wp-content\/uploads\/2026\/01\/montenegro-clima-LOGO.png\",\"contentUrl\":\"https:\/\/www.emprendebox.es\/montenegro-clima\/wp-content\/uploads\/2026\/01\/montenegro-clima-LOGO.png\",\"width\":512,\"height\":450,\"caption\":\"Montenegro Climatizaciones\"},\"image\":{\"@id\":\"https:\/\/www.emprendebox.es\/montenegro-clima\/#\/schema\/logo\/image\/\"}}]}<\/script>\n<!-- \/ Yoast SEO plugin. -->","yoast_head_json":{"title":"Nosotros - Montenegro Climatizaciones","robots":{"index":"index","follow":"follow","max-snippet":"max-snippet:-1","max-image-preview":"max-image-preview:large","max-video-preview":"max-video-preview:-1"},"canonical":"https:\/\/www.emprendebox.es\/montenegro-clima\/nosotros\/","og_locale":"es_ES","og_type":"article","og_title":"Nosotros - Montenegro Climatizaciones","og_description":"Profesionales en climatizaci\u00f3n y ventilaci\u00f3n Quienes Somos Conoce Montenegro Climatizaciones, empresa especializada en la instalaci\u00f3n de conductos de climatizaci\u00f3n y ventilaci\u00f3n de edificios. Experiencia, especializaci\u00f3n y rigor t\u00e9cnico Una empresa joven con gran trayectoria Montenegro Climatizaciones S.L. nace en 2022 como resultado de la experiencia acumulada de un equipo profesional con una larga trayectoria en [&hellip;]","og_url":"https:\/\/www.emprendebox.es\/montenegro-clima\/nosotros\/","og_site_name":"Montenegro Climatizaciones","article_modified_time":"2026-01-20T12:40:03+00:00","og_image":[{"width":1600,"height":900,"url":"https:\/\/www.emprendebox.es\/montenegro-clima\/wp-content\/uploads\/2026\/01\/Foto-de-Juan-Luis-Montenegro-Romero-13.jpg","type":"image\/jpeg"}],"twitter_card":"summary_large_image","twitter_misc":{"Tiempo de lectura":"1 minuto"},"schema":{"@context":"https:\/\/schema.org","@graph":[{"@type":"WebPage","@id":"https:\/\/www.emprendebox.es\/montenegro-clima\/nosotros\/","url":"https:\/\/www.emprendebox.es\/montenegro-clima\/nosotros\/","name":"Nosotros - Montenegro Climatizaciones","isPartOf":{"@id":"https:\/\/www.emprendebox.es\/montenegro-clima\/#website"},"primaryImageOfPage":{"@id":"https:\/\/www.emprendebox.es\/montenegro-clima\/nosotros\/#primaryimage"},"image":{"@id":"https:\/\/www.emprendebox.es\/montenegro-clima\/nosotros\/#primaryimage"},"thumbnailUrl":"https:\/\/www.emprendebox.es\/montenegro-clima\/wp-content\/uploads\/2026\/01\/Foto-de-Juan-Luis-Montenegro-Romero-13-1024x576.jpg","datePublished":"2026-01-10T22:34:21+00:00","dateModified":"2026-01-20T12:40:03+00:00","breadcrumb":{"@id":"https:\/\/www.emprendebox.es\/montenegro-clima\/nosotros\/#breadcrumb"},"inLanguage":"es","potentialAction":[{"@type":"ReadAction","target":["https:\/\/www.emprendebox.es\/montenegro-clima\/nosotros\/"]}]},{"@type":"ImageObject","inLanguage":"es","@id":"https:\/\/www.emprendebox.es\/montenegro-clima\/nosotros\/#primaryimage","url":"https:\/\/www.emprendebox.es\/montenegro-clima\/wp-content\/uploads\/2026\/01\/Foto-de-Juan-Luis-Montenegro-Romero-13.jpg","contentUrl":"https:\/\/www.emprendebox.es\/montenegro-clima\/wp-content\/uploads\/2026\/01\/Foto-de-Juan-Luis-Montenegro-Romero-13.jpg","width":1600,"height":900},{"@type":"BreadcrumbList","@id":"https:\/\/www.emprendebox.es\/montenegro-clima\/nosotros\/#breadcrumb","itemListElement":[{"@type":"ListItem","position":1,"name":"Portada","item":"https:\/\/www.emprendebox.es\/montenegro-clima\/"},{"@type":"ListItem","position":2,"name":"Nosotros"}]},{"@type":"WebSite","@id":"https:\/\/www.emprendebox.es\/montenegro-clima\/#website","url":"https:\/\/www.emprendebox.es\/montenegro-clima\/","name":"Montenegro Climatizaciones","description":"Montaje de conductos y climatizaci\u00f3n","publisher":{"@id":"https:\/\/www.emprendebox.es\/montenegro-clima\/#organization"},"potentialAction":[{"@type":"SearchAction","target":{"@type":"EntryPoint","urlTemplate":"https:\/\/www.emprendebox.es\/montenegro-clima\/?s={search_term_string}"},"query-input":{"@type":"PropertyValueSpecification","valueRequired":true,"valueName":"search_term_string"}}],"inLanguage":"es"},{"@type":"Organization","@id":"https:\/\/www.emprendebox.es\/montenegro-clima\/#organization","name":"Montenegro Climatizaciones","url":"https:\/\/www.emprendebox.es\/montenegro-clima\/","logo":{"@type":"ImageObject","inLanguage":"es","@id":"https:\/\/www.emprendebox.es\/montenegro-clima\/#\/schema\/logo\/image\/","url":"https:\/\/www.emprendebox.es\/montenegro-clima\/wp-content\/uploads\/2026\/01\/montenegro-clima-LOGO.png","contentUrl":"https:\/\/www.emprendebox.es\/montenegro-clima\/wp-content\/uploads\/2026\/01\/montenegro-clima-LOGO.png","width":512,"height":450,"caption":"Montenegro Climatizaciones"},"image":{"@id":"https:\/\/www.emprendebox.es\/montenegro-clima\/#\/schema\/logo\/image\/"}}]}},"_links":{"self":[{"href":"https:\/\/www.emprendebox.es\/montenegro-clima\/wp-json\/wp\/v2\/pages\/115","targetHints":{"allow":["GET"]}}],"collection":[{"href":"https:\/\/www.emprendebox.es\/montenegro-clima\/wp-json\/wp\/v2\/pages"}],"about":[{"href":"https:\/\/www.emprendebox.es\/montenegro-clima\/wp-json\/wp\/v2\/types\/page"}],"author":[{"embeddable":true,"href":"https:\/\/www.emprendebox.es\/montenegro-clima\/wp-json\/wp\/v2\/users\/1"}],"replies":[{"embeddable":true,"href":"https:\/\/www.emprendebox.es\/montenegro-clima\/wp-json\/wp\/v2\/comments?post=115"}],"version-history":[{"count":25,"href":"https:\/\/www.emprendebox.es\/montenegro-clima\/wp-json\/wp\/v2\/pages\/115\/revisions"}],"predecessor-version":[{"id":302,"href":"https:\/\/www.emprendebox.es\/montenegro-clima\/wp-json\/wp\/v2\/pages\/115\/revisions\/302"}],"wp:attachment":[{"href":"https:\/\/www.emprendebox.es\/montenegro-clima\/wp-json\/wp\/v2\/media?parent=115"}],"curies":[{"name":"wp","href":"https:\/\/api.w.org\/{rel}","templated":true}]}}