{"id":121,"date":"2026-01-10T22:35:00","date_gmt":"2026-01-10T22:35:00","guid":{"rendered":"https:\/\/www.emprendebox.es\/montenegro-clima\/?page_id=121"},"modified":"2026-01-20T12:38:33","modified_gmt":"2026-01-20T12:38:33","slug":"contacto","status":"publish","type":"page","link":"https:\/\/www.emprendebox.es\/montenegro-clima\/contacto\/","title":{"rendered":"Contacto"},"content":{"rendered":"\t\t<div data-elementor-type=\"wp-page\" data-elementor-id=\"121\" class=\"elementor elementor-121\" data-elementor-post-type=\"page\">\n\t\t\t\t<div class=\"elementor-element elementor-element-75d17dff e-flex e-con-boxed e-con e-parent\" data-id=\"75d17dff\" data-element_type=\"container\" data-settings=\"{&quot;background_background&quot;:&quot;classic&quot;}\">\n\t\t\t\t\t<div class=\"e-con-inner\">\n\t\t<div class=\"elementor-element elementor-element-35b44e4 e-con-full e-flex e-con e-child\" data-id=\"35b44e4\" data-element_type=\"container\">\n\t\t\t\t<div class=\"elementor-element elementor-element-54c9e4a3 elementor-widget elementor-widget-elementskit-heading\" data-id=\"54c9e4a3\" data-element_type=\"widget\" data-widget_type=\"elementskit-heading.default\">\n\t\t\t\t\t<div class=\"ekit-wid-con\" ><div class=\"ekit-heading elementskit-section-title-wraper text_left   ekit_heading_tablet-text_center   ekit_heading_mobile-\"><h2 class=\"ekit-heading--title elementskit-section-title \">Contacto<\/h2><\/div><\/div>\t\t\t\t<\/div>\n\t\t\t\t<\/div>\n\t\t\t\t\t<\/div>\n\t\t\t\t<\/div>\n\t\t<div class=\"elementor-element elementor-element-2fcf6b07 e-flex e-con-boxed e-con e-parent\" data-id=\"2fcf6b07\" data-element_type=\"container\">\n\t\t\t\t\t<div class=\"e-con-inner\">\n\t\t<div class=\"elementor-element elementor-element-2870e024 e-con-full e-flex e-con e-child\" data-id=\"2870e024\" data-element_type=\"container\">\n\t\t\t\t<div class=\"elementor-element elementor-element-e67bbf3 elementor-widget elementor-widget-elementskit-heading\" data-id=\"e67bbf3\" data-element_type=\"widget\" data-widget_type=\"elementskit-heading.default\">\n\t\t\t\t\t<div class=\"ekit-wid-con\" ><div class=\"ekit-heading elementskit-section-title-wraper text_left   ekit_heading_tablet-text_center   ekit_heading_mobile-\"><h2 class=\"ekit-heading--title elementskit-section-title \"><span><span>Cont\u00e1ctanos<\/span><\/span><\/h2><\/div><\/div>\t\t\t\t<\/div>\n\t\t\t\t<div class=\"elementor-element elementor-element-3c70a93f elementor-widget__width-initial ekit-equal-height-disable elementor-widget elementor-widget-elementskit-icon-box\" data-id=\"3c70a93f\" data-element_type=\"widget\" data-widget_type=\"elementskit-icon-box.default\">\n\t\t\t\t\t<div class=\"ekit-wid-con\" >        <!-- link opening -->\n                <a href=\"#\" class=\"ekit_global_links\">\n                <!-- end link opening -->\n\n        <div class=\"elementskit-infobox text- text-left icon-lef-right-aligin elementor-animation- media  \">\n                    <div class=\"elementskit-box-header elementor-animation-\">\n                <div class=\"elementskit-info-box-icon  text-center\">\n                    <svg aria-hidden=\"true\" class=\"elementkit-infobox-icon e-font-icon-svg e-fas-phone-alt\" viewBox=\"0 0 512 512\" xmlns=\"http:\/\/www.w3.org\/2000\/svg\"><path d=\"M497.39 361.8l-112-48a24 24 0 0 0-28 6.9l-49.6 60.6A370.66 370.66 0 0 1 130.6 204.11l60.6-49.6a23.94 23.94 0 0 0 6.9-28l-48-112A24.16 24.16 0 0 0 122.6.61l-104 24A24 24 0 0 0 0 48c0 256.5 207.9 464 464 464a24 24 0 0 0 23.4-18.6l24-104a24.29 24.29 0 0 0-14.01-27.6z\"><\/path><\/svg>\n                <\/div>\n          <\/div>\n                        <div class=\"box-body\">\n                            <h3 class=\"elementskit-info-box-title\">\n                    Tel\u00e9fonos                <\/h3>\n                        \t\t  \t<p>+34 601 631 868<br>\n+34 665 661 056<\/p>\n                                <\/div>\n        \n        \n                <\/div>\n                <\/a>\n        <\/div>\t\t\t\t<\/div>\n\t\t\t\t<div class=\"elementor-element elementor-element-4e104f89 elementor-widget__width-initial ekit-equal-height-disable elementor-widget elementor-widget-elementskit-icon-box\" data-id=\"4e104f89\" data-element_type=\"widget\" data-widget_type=\"elementskit-icon-box.default\">\n\t\t\t\t\t<div class=\"ekit-wid-con\" >        <!-- link opening -->\n                <a href=\"#\" class=\"ekit_global_links\">\n                <!-- end link opening -->\n\n        <div class=\"elementskit-infobox text- text-left icon-lef-right-aligin elementor-animation- media  \">\n                    <div class=\"elementskit-box-header elementor-animation-\">\n                <div class=\"elementskit-info-box-icon  text-center\">\n                    <svg aria-hidden=\"true\" class=\"elementkit-infobox-icon e-font-icon-svg e-far-envelope\" viewBox=\"0 0 512 512\" xmlns=\"http:\/\/www.w3.org\/2000\/svg\"><path d=\"M464 64H48C21.49 64 0 85.49 0 112v288c0 26.51 21.49 48 48 48h416c26.51 0 48-21.49 48-48V112c0-26.51-21.49-48-48-48zm0 48v40.805c-22.422 18.259-58.168 46.651-134.587 106.49-16.841 13.247-50.201 45.072-73.413 44.701-23.208.375-56.579-31.459-73.413-44.701C106.18 199.465 70.425 171.067 48 152.805V112h416zM48 400V214.398c22.914 18.251 55.409 43.862 104.938 82.646 21.857 17.205 60.134 55.186 103.062 54.955 42.717.231 80.509-37.199 103.053-54.947 49.528-38.783 82.032-64.401 104.947-82.653V400H48z\"><\/path><\/svg>\n                <\/div>\n          <\/div>\n                        <div class=\"box-body\">\n                            <h3 class=\"elementskit-info-box-title\">\n                    Correo Electr\u00f3nico                <\/h3>\n                        \t\t  \t<p> info@montenegroclimatizaciones.com<\/p>\n                                <\/div>\n        \n        \n                <\/div>\n                <\/a>\n        <\/div>\t\t\t\t<\/div>\n\t\t\t\t<div class=\"elementor-element elementor-element-704d217b elementor-widget__width-initial ekit-equal-height-disable elementor-widget elementor-widget-elementskit-icon-box\" data-id=\"704d217b\" data-element_type=\"widget\" data-widget_type=\"elementskit-icon-box.default\">\n\t\t\t\t\t<div class=\"ekit-wid-con\" >        <!-- link opening -->\n                <a href=\"#\" class=\"ekit_global_links\">\n                <!-- end link opening -->\n\n        <div class=\"elementskit-infobox text- text-left icon-lef-right-aligin elementor-animation- media  \">\n                    <div class=\"elementskit-box-header elementor-animation-\">\n                <div class=\"elementskit-info-box-icon  text-center\">\n                    <svg aria-hidden=\"true\" class=\"elementkit-infobox-icon e-font-icon-svg e-fas-map-marker-alt\" viewBox=\"0 0 384 512\" xmlns=\"http:\/\/www.w3.org\/2000\/svg\"><path d=\"M172.268 501.67C26.97 291.031 0 269.413 0 192 0 85.961 85.961 0 192 0s192 85.961 192 192c0 77.413-26.97 99.031-172.268 309.67-9.535 13.774-29.93 13.773-39.464 0zM192 272c44.183 0 80-35.817 80-80s-35.817-80-80-80-80 35.817-80 80 35.817 80 80 80z\"><\/path><\/svg>\n                <\/div>\n          <\/div>\n                        <div class=\"box-body\">\n                            <h3 class=\"elementskit-info-box-title\">\n                    Direcci\u00f3n                <\/h3>\n                        \t\t  \t<p>C. Herreria, 30, 41630 Lantejuela, Sevilla, Espa\u00f1a<\/p>\n                                <\/div>\n        \n        \n                <\/div>\n                <\/a>\n        <\/div>\t\t\t\t<\/div>\n\t\t\t\t<\/div>\n\t\t<div class=\"elementor-element elementor-element-ee820dd e-con-full e-flex e-con e-child\" data-id=\"ee820dd\" data-element_type=\"container\" data-settings=\"{&quot;background_background&quot;:&quot;classic&quot;}\">\n\t\t\t\t<div class=\"elementor-element elementor-element-525ce7b elementor-button-align-stretch elementor-widget elementor-widget-form\" data-id=\"525ce7b\" data-element_type=\"widget\" data-settings=\"{&quot;step_next_label&quot;:&quot;Siguiente&quot;,&quot;step_previous_label&quot;:&quot;Anterior&quot;,&quot;button_width&quot;:&quot;100&quot;,&quot;step_type&quot;:&quot;number_text&quot;,&quot;step_icon_shape&quot;:&quot;circle&quot;}\" data-widget_type=\"form.default\">\n\t\t\t\t\t\t\t<form class=\"elementor-form\" method=\"post\" name=\"Formulario Montenegro Climatizaciones\" aria-label=\"Formulario Montenegro Climatizaciones\">\n\t\t\t<input type=\"hidden\" name=\"post_id\" value=\"121\"\/>\n\t\t\t<input type=\"hidden\" name=\"form_id\" value=\"525ce7b\"\/>\n\t\t\t<input type=\"hidden\" name=\"referer_title\" value=\"Montenegro Climatizaciones\" \/>\n\n\t\t\t\n\t\t\t<div class=\"elementor-form-fields-wrapper elementor-labels-\">\n\t\t\t\t\t\t\t\t<div class=\"elementor-field-type-text elementor-field-group elementor-column elementor-field-group-name elementor-col-100 elementor-field-required\">\n\t\t\t\t\t\t\t\t\t\t\t\t<label for=\"form-field-name\" class=\"elementor-field-label elementor-screen-only\">\n\t\t\t\t\t\t\t\tNombre\t\t\t\t\t\t\t<\/label>\n\t\t\t\t\t\t\t\t\t\t\t\t\t\t<input size=\"1\" type=\"text\" name=\"form_fields[name]\" id=\"form-field-name\" class=\"elementor-field elementor-size-sm  elementor-field-textual\" placeholder=\"Nombre*\" required=\"required\">\n\t\t\t\t\t\t\t\t\t\t\t<\/div>\n\t\t\t\t\t\t\t\t<div class=\"elementor-field-type-tel elementor-field-group elementor-column elementor-field-group-field_173d598 elementor-col-100 elementor-field-required\">\n\t\t\t\t\t\t\t\t\t\t\t\t<label for=\"form-field-field_173d598\" class=\"elementor-field-label elementor-screen-only\">\n\t\t\t\t\t\t\t\tTelefono\t\t\t\t\t\t\t<\/label>\n\t\t\t\t\t\t\t\t<input size=\"1\" type=\"tel\" name=\"form_fields[field_173d598]\" id=\"form-field-field_173d598\" class=\"elementor-field elementor-size-sm  elementor-field-textual\" placeholder=\"Tel\u00e9fono*\" required=\"required\" pattern=\"[0-9()#&amp;+*-=.]+\" title=\"Solo se aceptan n\u00fameros y caracteres de tel\u00e9fono (#,-,*,etc).\">\n\n\t\t\t\t\t\t<\/div>\n\t\t\t\t\t\t\t\t<div class=\"elementor-field-type-email elementor-field-group elementor-column elementor-field-group-email elementor-col-100 elementor-field-required\">\n\t\t\t\t\t\t\t\t\t\t\t\t<label for=\"form-field-email\" class=\"elementor-field-label elementor-screen-only\">\n\t\t\t\t\t\t\t\tCorreo electr\u00f3nico\t\t\t\t\t\t\t<\/label>\n\t\t\t\t\t\t\t\t\t\t\t\t\t\t<input size=\"1\" type=\"email\" name=\"form_fields[email]\" id=\"form-field-email\" class=\"elementor-field elementor-size-sm  elementor-field-textual\" placeholder=\"Correo electr\u00f3nico*\" required=\"required\">\n\t\t\t\t\t\t\t\t\t\t\t<\/div>\n\t\t\t\t\t\t\t\t<div class=\"elementor-field-type-textarea elementor-field-group elementor-column elementor-field-group-message elementor-col-100 elementor-field-required\">\n\t\t\t\t\t\t\t\t\t\t\t\t<label for=\"form-field-message\" class=\"elementor-field-label elementor-screen-only\">\n\t\t\t\t\t\t\t\tMensaje\t\t\t\t\t\t\t<\/label>\n\t\t\t\t\t\t<textarea class=\"elementor-field-textual elementor-field  elementor-size-sm\" name=\"form_fields[message]\" id=\"form-field-message\" rows=\"4\" placeholder=\"Mensaje*\" required=\"required\"><\/textarea>\t\t\t\t<\/div>\n\t\t\t\t\t\t\t\t<div class=\"elementor-field-type-acceptance elementor-field-group elementor-column elementor-field-group-field_4f69e03 elementor-col-100 elementor-field-required\">\n\t\t\t\t\t\t\t\t\t\t\t\t<label for=\"form-field-field_4f69e03\" class=\"elementor-field-label elementor-screen-only\">\n\t\t\t\t\t\t\t\tAceptaci\u00f3n\t\t\t\t\t\t\t<\/label>\n\t\t\t\t\t\t\t\t<div class=\"elementor-field-subgroup\">\n\t\t\t<span class=\"elementor-field-option\">\n\t\t\t\t<input type=\"checkbox\" name=\"form_fields[field_4f69e03]\" id=\"form-field-field_4f69e03\" class=\"elementor-field elementor-size-sm  elementor-acceptance-field\" required=\"required\">\n\t\t\t\t<label for=\"form-field-field_4f69e03\">He le\u00eddo y acepto la <a href=\"\/Privacidad\" target=\"_blank\">Pol\u00edtica de Privacidad<\/a>\n<\/label>\t\t\t<\/span>\n\t\t<\/div>\n\t\t\t\t\t\t<\/div>\n\t\t\t\t\t\t\t\t<div class=\"elementor-field-type-recaptcha_v3 elementor-field-group elementor-column elementor-field-group-field_a43e5f8 elementor-col-100 recaptcha_v3-bottomleft\">\n\t\t\t\t\t<div class=\"elementor-field\" id=\"form-field-field_a43e5f8\"><\/div>\t\t\t\t<\/div>\n\t\t\t\t\t\t\t\t<div class=\"elementor-field-group elementor-column elementor-field-type-submit elementor-col-100 e-form__buttons\">\n\t\t\t\t\t<button class=\"elementor-button elementor-size-sm\" type=\"submit\">\n\t\t\t\t\t\t<span class=\"elementor-button-content-wrapper\">\n\t\t\t\t\t\t\t\t\t\t\t\t\t\t\t\t\t\t\t\t\t\t<span class=\"elementor-button-text\">Enviar<\/span>\n\t\t\t\t\t\t\t\t\t\t\t\t\t<\/span>\n\t\t\t\t\t<\/button>\n\t\t\t\t<\/div>\n\t\t\t<\/div>\n\t\t<\/form>\n\t\t\t\t\t\t<\/div>\n\t\t\t\t<\/div>\n\t\t\t\t\t<\/div>\n\t\t\t\t<\/div>\n\t\t<div class=\"elementor-element elementor-element-43c7fd4d e-con-full e-flex e-con e-parent\" data-id=\"43c7fd4d\" data-element_type=\"container\">\n\t\t\t\t<div class=\"elementor-element elementor-element-1e4a7fba elementor-widget elementor-widget-google_maps\" data-id=\"1e4a7fba\" data-element_type=\"widget\" data-widget_type=\"google_maps.default\">\n\t\t\t\t\t\t\t<div class=\"elementor-custom-embed\">\n\t\t\t<iframe loading=\"lazy\"\n\t\t\t\t\tsrc=\"https:\/\/maps.google.com\/maps?q=C.%20Herreria%2C%2030%2C%2041630%20Lantejuela%2C%20Sevilla%2C%20Espa%C3%B1a&#038;t=m&#038;z=16&#038;output=embed&#038;iwloc=near\"\n\t\t\t\t\ttitle=\"C. Herreria, 30, 41630 Lantejuela, Sevilla, Espa\u00f1a\"\n\t\t\t\t\taria-label=\"C. Herreria, 30, 41630 Lantejuela, Sevilla, Espa\u00f1a\"\n\t\t\t><\/iframe>\n\t\t<\/div>\n\t\t\t\t\t\t<\/div>\n\t\t\t\t<\/div>\n\t\t<div class=\"elementor-element elementor-element-59c67f1 e-flex e-con-boxed e-con e-parent\" data-id=\"59c67f1\" data-element_type=\"container\">\n\t\t\t\t\t<div class=\"e-con-inner\">\n\t\t\t\t<div class=\"elementor-element elementor-element-1466496 elementor-widget elementor-widget-image\" data-id=\"1466496\" data-element_type=\"widget\" data-widget_type=\"image.default\">\n\t\t\t\t\t\t\t\t\t\t\t\t\t\t\t<img fetchpriority=\"high\" decoding=\"async\" width=\"768\" height=\"89\" src=\"https:\/\/www.emprendebox.es\/montenegro-clima\/wp-content\/uploads\/2026\/01\/unnamed-4.png\" class=\"attachment-large size-large wp-image-286\" alt=\"\" srcset=\"https:\/\/www.emprendebox.es\/montenegro-clima\/wp-content\/uploads\/2026\/01\/unnamed-4.png 768w, https:\/\/www.emprendebox.es\/montenegro-clima\/wp-content\/uploads\/2026\/01\/unnamed-4-300x35.png 300w\" sizes=\"(max-width: 768px) 100vw, 768px\" \/>\t\t\t\t\t\t\t\t\t\t\t\t\t\t\t<\/div>\n\t\t\t\t\t<\/div>\n\t\t\t\t<\/div>\n\t\t\t\t<\/div>\n\t\t\n    <div class=\"xs_social_share_widget xs_share_url after_content \t\tmain_content  wslu-style-1 wslu-share-box-shaped wslu-fill-colored wslu-none wslu-share-horizontal wslu-theme-font-no wslu-main_content\">\n\n\t\t\n        <ul>\n\t\t\t        <\/ul>\n    <\/div> \n","protected":false},"excerpt":{"rendered":"<p>Contacto Cont\u00e1ctanos Tel\u00e9fonos +34 601 631 868 +34 665 661 056 Correo Electr\u00f3nico info@montenegroclimatizaciones.com Direcci\u00f3n C. Herreria, 30, 41630 Lantejuela, Sevilla, Espa\u00f1a<\/p>\n","protected":false},"author":1,"featured_media":0,"parent":0,"menu_order":0,"comment_status":"closed","ping_status":"closed","template":"elementor_header_footer","meta":{"postBodyCss":"","postBodyMargin":[],"postBodyPadding":[],"postBodyBackground":{"backgroundType":"classic","gradient":""},"footnotes":""},"class_list":["post-121","page","type-page","status-publish","hentry"],"yoast_head":"<!-- This site is optimized with the Yoast SEO plugin v26.7 - https:\/\/yoast.com\/wordpress\/plugins\/seo\/ -->\n<title>Contacto - Montenegro Climatizaciones<\/title>\n<meta name=\"robots\" content=\"index, follow, max-snippet:-1, max-image-preview:large, max-video-preview:-1\" \/>\n<link rel=\"canonical\" href=\"https:\/\/www.emprendebox.es\/montenegro-clima\/contacto\/\" \/>\n<meta property=\"og:locale\" content=\"es_ES\" \/>\n<meta property=\"og:type\" content=\"article\" \/>\n<meta property=\"og:title\" content=\"Contacto - Montenegro Climatizaciones\" \/>\n<meta property=\"og:description\" content=\"Contacto Cont\u00e1ctanos Tel\u00e9fonos +34 601 631 868 +34 665 661 056 Correo Electr\u00f3nico info@montenegroclimatizaciones.com Direcci\u00f3n C. Herreria, 30, 41630 Lantejuela, Sevilla, Espa\u00f1a\" \/>\n<meta property=\"og:url\" content=\"https:\/\/www.emprendebox.es\/montenegro-clima\/contacto\/\" \/>\n<meta property=\"og:site_name\" content=\"Montenegro Climatizaciones\" \/>\n<meta property=\"article:modified_time\" content=\"2026-01-20T12:38:33+00:00\" \/>\n<meta property=\"og:image\" content=\"https:\/\/www.emprendebox.es\/montenegro-clima\/wp-content\/uploads\/2026\/01\/unnamed-4.png\" \/>\n\t<meta property=\"og:image:width\" content=\"768\" \/>\n\t<meta property=\"og:image:height\" content=\"89\" \/>\n\t<meta property=\"og:image:type\" content=\"image\/png\" \/>\n<meta name=\"twitter:card\" content=\"summary_large_image\" \/>\n<meta name=\"twitter:label1\" content=\"Tiempo de lectura\" \/>\n\t<meta name=\"twitter:data1\" content=\"1 minuto\" \/>\n<script type=\"application\/ld+json\" class=\"yoast-schema-graph\">{\"@context\":\"https:\/\/schema.org\",\"@graph\":[{\"@type\":\"WebPage\",\"@id\":\"https:\/\/www.emprendebox.es\/montenegro-clima\/contacto\/\",\"url\":\"https:\/\/www.emprendebox.es\/montenegro-clima\/contacto\/\",\"name\":\"Contacto - Montenegro Climatizaciones\",\"isPartOf\":{\"@id\":\"https:\/\/www.emprendebox.es\/montenegro-clima\/#website\"},\"primaryImageOfPage\":{\"@id\":\"https:\/\/www.emprendebox.es\/montenegro-clima\/contacto\/#primaryimage\"},\"image\":{\"@id\":\"https:\/\/www.emprendebox.es\/montenegro-clima\/contacto\/#primaryimage\"},\"thumbnailUrl\":\"https:\/\/www.emprendebox.es\/montenegro-clima\/wp-content\/uploads\/2026\/01\/unnamed-4.png\",\"datePublished\":\"2026-01-10T22:35:00+00:00\",\"dateModified\":\"2026-01-20T12:38:33+00:00\",\"breadcrumb\":{\"@id\":\"https:\/\/www.emprendebox.es\/montenegro-clima\/contacto\/#breadcrumb\"},\"inLanguage\":\"es\",\"potentialAction\":[{\"@type\":\"ReadAction\",\"target\":[\"https:\/\/www.emprendebox.es\/montenegro-clima\/contacto\/\"]}]},{\"@type\":\"ImageObject\",\"inLanguage\":\"es\",\"@id\":\"https:\/\/www.emprendebox.es\/montenegro-clima\/contacto\/#primaryimage\",\"url\":\"https:\/\/www.emprendebox.es\/montenegro-clima\/wp-content\/uploads\/2026\/01\/unnamed-4.png\",\"contentUrl\":\"https:\/\/www.emprendebox.es\/montenegro-clima\/wp-content\/uploads\/2026\/01\/unnamed-4.png\",\"width\":768,\"height\":89},{\"@type\":\"BreadcrumbList\",\"@id\":\"https:\/\/www.emprendebox.es\/montenegro-clima\/contacto\/#breadcrumb\",\"itemListElement\":[{\"@type\":\"ListItem\",\"position\":1,\"name\":\"Portada\",\"item\":\"https:\/\/www.emprendebox.es\/montenegro-clima\/\"},{\"@type\":\"ListItem\",\"position\":2,\"name\":\"Contacto\"}]},{\"@type\":\"WebSite\",\"@id\":\"https:\/\/www.emprendebox.es\/montenegro-clima\/#website\",\"url\":\"https:\/\/www.emprendebox.es\/montenegro-clima\/\",\"name\":\"Montenegro Climatizaciones\",\"description\":\"Montaje de conductos y climatizaci\u00f3n\",\"publisher\":{\"@id\":\"https:\/\/www.emprendebox.es\/montenegro-clima\/#organization\"},\"potentialAction\":[{\"@type\":\"SearchAction\",\"target\":{\"@type\":\"EntryPoint\",\"urlTemplate\":\"https:\/\/www.emprendebox.es\/montenegro-clima\/?s={search_term_string}\"},\"query-input\":{\"@type\":\"PropertyValueSpecification\",\"valueRequired\":true,\"valueName\":\"search_term_string\"}}],\"inLanguage\":\"es\"},{\"@type\":\"Organization\",\"@id\":\"https:\/\/www.emprendebox.es\/montenegro-clima\/#organization\",\"name\":\"Montenegro Climatizaciones\",\"url\":\"https:\/\/www.emprendebox.es\/montenegro-clima\/\",\"logo\":{\"@type\":\"ImageObject\",\"inLanguage\":\"es\",\"@id\":\"https:\/\/www.emprendebox.es\/montenegro-clima\/#\/schema\/logo\/image\/\",\"url\":\"https:\/\/www.emprendebox.es\/montenegro-clima\/wp-content\/uploads\/2026\/01\/montenegro-clima-LOGO.png\",\"contentUrl\":\"https:\/\/www.emprendebox.es\/montenegro-clima\/wp-content\/uploads\/2026\/01\/montenegro-clima-LOGO.png\",\"width\":512,\"height\":450,\"caption\":\"Montenegro Climatizaciones\"},\"image\":{\"@id\":\"https:\/\/www.emprendebox.es\/montenegro-clima\/#\/schema\/logo\/image\/\"}}]}<\/script>\n<!-- \/ Yoast SEO plugin. -->","yoast_head_json":{"title":"Contacto - Montenegro Climatizaciones","robots":{"index":"index","follow":"follow","max-snippet":"max-snippet:-1","max-image-preview":"max-image-preview:large","max-video-preview":"max-video-preview:-1"},"canonical":"https:\/\/www.emprendebox.es\/montenegro-clima\/contacto\/","og_locale":"es_ES","og_type":"article","og_title":"Contacto - Montenegro Climatizaciones","og_description":"Contacto Cont\u00e1ctanos Tel\u00e9fonos +34 601 631 868 +34 665 661 056 Correo Electr\u00f3nico info@montenegroclimatizaciones.com Direcci\u00f3n C. Herreria, 30, 41630 Lantejuela, Sevilla, Espa\u00f1a","og_url":"https:\/\/www.emprendebox.es\/montenegro-clima\/contacto\/","og_site_name":"Montenegro Climatizaciones","article_modified_time":"2026-01-20T12:38:33+00:00","og_image":[{"width":768,"height":89,"url":"https:\/\/www.emprendebox.es\/montenegro-clima\/wp-content\/uploads\/2026\/01\/unnamed-4.png","type":"image\/png"}],"twitter_card":"summary_large_image","twitter_misc":{"Tiempo de lectura":"1 minuto"},"schema":{"@context":"https:\/\/schema.org","@graph":[{"@type":"WebPage","@id":"https:\/\/www.emprendebox.es\/montenegro-clima\/contacto\/","url":"https:\/\/www.emprendebox.es\/montenegro-clima\/contacto\/","name":"Contacto - Montenegro Climatizaciones","isPartOf":{"@id":"https:\/\/www.emprendebox.es\/montenegro-clima\/#website"},"primaryImageOfPage":{"@id":"https:\/\/www.emprendebox.es\/montenegro-clima\/contacto\/#primaryimage"},"image":{"@id":"https:\/\/www.emprendebox.es\/montenegro-clima\/contacto\/#primaryimage"},"thumbnailUrl":"https:\/\/www.emprendebox.es\/montenegro-clima\/wp-content\/uploads\/2026\/01\/unnamed-4.png","datePublished":"2026-01-10T22:35:00+00:00","dateModified":"2026-01-20T12:38:33+00:00","breadcrumb":{"@id":"https:\/\/www.emprendebox.es\/montenegro-clima\/contacto\/#breadcrumb"},"inLanguage":"es","potentialAction":[{"@type":"ReadAction","target":["https:\/\/www.emprendebox.es\/montenegro-clima\/contacto\/"]}]},{"@type":"ImageObject","inLanguage":"es","@id":"https:\/\/www.emprendebox.es\/montenegro-clima\/contacto\/#primaryimage","url":"https:\/\/www.emprendebox.es\/montenegro-clima\/wp-content\/uploads\/2026\/01\/unnamed-4.png","contentUrl":"https:\/\/www.emprendebox.es\/montenegro-clima\/wp-content\/uploads\/2026\/01\/unnamed-4.png","width":768,"height":89},{"@type":"BreadcrumbList","@id":"https:\/\/www.emprendebox.es\/montenegro-clima\/contacto\/#breadcrumb","itemListElement":[{"@type":"ListItem","position":1,"name":"Portada","item":"https:\/\/www.emprendebox.es\/montenegro-clima\/"},{"@type":"ListItem","position":2,"name":"Contacto"}]},{"@type":"WebSite","@id":"https:\/\/www.emprendebox.es\/montenegro-clima\/#website","url":"https:\/\/www.emprendebox.es\/montenegro-clima\/","name":"Montenegro Climatizaciones","description":"Montaje de conductos y climatizaci\u00f3n","publisher":{"@id":"https:\/\/www.emprendebox.es\/montenegro-clima\/#organization"},"potentialAction":[{"@type":"SearchAction","target":{"@type":"EntryPoint","urlTemplate":"https:\/\/www.emprendebox.es\/montenegro-clima\/?s={search_term_string}"},"query-input":{"@type":"PropertyValueSpecification","valueRequired":true,"valueName":"search_term_string"}}],"inLanguage":"es"},{"@type":"Organization","@id":"https:\/\/www.emprendebox.es\/montenegro-clima\/#organization","name":"Montenegro Climatizaciones","url":"https:\/\/www.emprendebox.es\/montenegro-clima\/","logo":{"@type":"ImageObject","inLanguage":"es","@id":"https:\/\/www.emprendebox.es\/montenegro-clima\/#\/schema\/logo\/image\/","url":"https:\/\/www.emprendebox.es\/montenegro-clima\/wp-content\/uploads\/2026\/01\/montenegro-clima-LOGO.png","contentUrl":"https:\/\/www.emprendebox.es\/montenegro-clima\/wp-content\/uploads\/2026\/01\/montenegro-clima-LOGO.png","width":512,"height":450,"caption":"Montenegro Climatizaciones"},"image":{"@id":"https:\/\/www.emprendebox.es\/montenegro-clima\/#\/schema\/logo\/image\/"}}]}},"_links":{"self":[{"href":"https:\/\/www.emprendebox.es\/montenegro-clima\/wp-json\/wp\/v2\/pages\/121","targetHints":{"allow":["GET"]}}],"collection":[{"href":"https:\/\/www.emprendebox.es\/montenegro-clima\/wp-json\/wp\/v2\/pages"}],"about":[{"href":"https:\/\/www.emprendebox.es\/montenegro-clima\/wp-json\/wp\/v2\/types\/page"}],"author":[{"embeddable":true,"href":"https:\/\/www.emprendebox.es\/montenegro-clima\/wp-json\/wp\/v2\/users\/1"}],"replies":[{"embeddable":true,"href":"https:\/\/www.emprendebox.es\/montenegro-clima\/wp-json\/wp\/v2\/comments?post=121"}],"version-history":[{"count":13,"href":"https:\/\/www.emprendebox.es\/montenegro-clima\/wp-json\/wp\/v2\/pages\/121\/revisions"}],"predecessor-version":[{"id":295,"href":"https:\/\/www.emprendebox.es\/montenegro-clima\/wp-json\/wp\/v2\/pages\/121\/revisions\/295"}],"wp:attachment":[{"href":"https:\/\/www.emprendebox.es\/montenegro-clima\/wp-json\/wp\/v2\/media?parent=121"}],"curies":[{"name":"wp","href":"https:\/\/api.w.org\/{rel}","templated":true}]}}